{"id":38341,"date":"2026-02-18T16:32:31","date_gmt":"2026-02-18T16:32:31","guid":{"rendered":"https:\/\/arte-coa.pt\/?post_type=product&#038;p=38341"},"modified":"2026-02-18T16:34:57","modified_gmt":"2026-02-18T16:34:57","slug":"coa-museum-camilo-rebelo-tiago-pimentel-gop","status":"publish","type":"product","link":"https:\/\/arte-coa.pt\/en\/produto\/coa-museum-camilo-rebelo-tiago-pimentel-gop\/","title":{"rendered":"C\u00d4A MUSEUM &#8211; Camilo Rebelo &amp; Tiago Pimentel &#8211; GOP"},"content":{"rendered":"<p>&#8220;Collection Long Books&#8221; &#8211; Book about the architecture of the C\u00f4a Museum with texts in English and photographs (63 pages)<\/p>\n","protected":false},"excerpt":{"rendered":"<p>&#8220;Collection Long Books&#8221; &#8211; Book about the architecture of the C\u00f4a Museum with texts in English and photographs (63 pages)<\/p>\n","protected":false},"featured_media":38338,"template":"","meta":{"_acf_changed":false},"product_brand":[],"product_cat":[148,229],"product_tag":[],"class_list":{"0":"post-38341","1":"product","2":"type-product","3":"status-publish","4":"has-post-thumbnail","6":"product_cat-publications","7":"product_cat-highlights","9":"first","10":"instock","11":"featured","12":"taxable","13":"shipping-taxable","14":"purchasable","15":"product-type-simple"},"acf":[],"yoast_head":"<!-- This site is optimized with the Yoast SEO plugin v27.0 - https:\/\/yoast.com\/product\/yoast-seo-wordpress\/ -->\n<title>C\u00d4A MUSEUM - Camilo Rebelo &amp; Tiago Pimentel - GOP - C\u00f4a Parque<\/title>\n<meta name=\"robots\" content=\"index, follow, max-snippet:-1, max-image-preview:large, max-video-preview:-1\" \/>\n<link rel=\"canonical\" href=\"https:\/\/arte-coa.pt\/en\/produto\/coa-museum-camilo-rebelo-tiago-pimentel-gop\/\" \/>\n<meta property=\"og:locale\" content=\"en_US\" \/>\n<meta property=\"og:type\" content=\"article\" \/>\n<meta property=\"og:title\" content=\"C\u00d4A MUSEUM - Camilo Rebelo &amp; Tiago Pimentel - GOP - C\u00f4a Parque\" \/>\n<meta property=\"og:description\" content=\"&#8220;Collection Long Books&#8221; &#8211; Book about the architecture of the C\u00f4a Museum with texts in English and photographs (63 pages)\" \/>\n<meta property=\"og:url\" content=\"https:\/\/arte-coa.pt\/en\/produto\/coa-museum-camilo-rebelo-tiago-pimentel-gop\/\" \/>\n<meta property=\"og:site_name\" content=\"C\u00f4a Parque\" \/>\n<meta property=\"article:modified_time\" content=\"2026-02-18T16:34:57+00:00\" \/>\n<meta property=\"og:image\" content=\"https:\/\/arte-coa.pt\/wp-content\/uploads\/2026\/02\/Capa-Coa-Museum-1024x1024.jpg\" \/>\n\t<meta property=\"og:image:width\" content=\"1024\" \/>\n\t<meta property=\"og:image:height\" content=\"1024\" \/>\n\t<meta property=\"og:image:type\" content=\"image\/jpeg\" \/>\n<meta name=\"twitter:card\" content=\"summary_large_image\" \/>\n<meta name=\"twitter:label1\" content=\"Est. reading time\" \/>\n\t<meta name=\"twitter:data1\" content=\"1 minute\" \/>\n<script type=\"application\/ld+json\" class=\"yoast-schema-graph\">{\"@context\":\"https:\/\/schema.org\",\"@graph\":[{\"@type\":\"WebPage\",\"@id\":\"https:\/\/arte-coa.pt\/en\/produto\/coa-museum-camilo-rebelo-tiago-pimentel-gop\/\",\"url\":\"https:\/\/arte-coa.pt\/en\/produto\/coa-museum-camilo-rebelo-tiago-pimentel-gop\/\",\"name\":\"C\u00d4A MUSEUM - Camilo Rebelo &amp; Tiago Pimentel - GOP - C\u00f4a Parque\",\"isPartOf\":{\"@id\":\"https:\/\/arte-coa.pt\/en\/#website\"},\"primaryImageOfPage\":{\"@id\":\"https:\/\/arte-coa.pt\/en\/produto\/coa-museum-camilo-rebelo-tiago-pimentel-gop\/#primaryimage\"},\"image\":{\"@id\":\"https:\/\/arte-coa.pt\/en\/produto\/coa-museum-camilo-rebelo-tiago-pimentel-gop\/#primaryimage\"},\"thumbnailUrl\":\"https:\/\/arte-coa.pt\/wp-content\/uploads\/2026\/02\/Capa-Coa-Museum.jpg\",\"datePublished\":\"2026-02-18T16:32:31+00:00\",\"dateModified\":\"2026-02-18T16:34:57+00:00\",\"breadcrumb\":{\"@id\":\"https:\/\/arte-coa.pt\/en\/produto\/coa-museum-camilo-rebelo-tiago-pimentel-gop\/#breadcrumb\"},\"inLanguage\":\"en-US\",\"potentialAction\":[{\"@type\":\"ReadAction\",\"target\":[\"https:\/\/arte-coa.pt\/en\/produto\/coa-museum-camilo-rebelo-tiago-pimentel-gop\/\"]}]},{\"@type\":\"ImageObject\",\"inLanguage\":\"en-US\",\"@id\":\"https:\/\/arte-coa.pt\/en\/produto\/coa-museum-camilo-rebelo-tiago-pimentel-gop\/#primaryimage\",\"url\":\"https:\/\/arte-coa.pt\/wp-content\/uploads\/2026\/02\/Capa-Coa-Museum.jpg\",\"contentUrl\":\"https:\/\/arte-coa.pt\/wp-content\/uploads\/2026\/02\/Capa-Coa-Museum.jpg\",\"width\":2500,\"height\":2500},{\"@type\":\"BreadcrumbList\",\"@id\":\"https:\/\/arte-coa.pt\/en\/produto\/coa-museum-camilo-rebelo-tiago-pimentel-gop\/#breadcrumb\",\"itemListElement\":[{\"@type\":\"ListItem\",\"position\":1,\"name\":\"Home\",\"item\":\"https:\/\/arte-coa.pt\/en\/\"},{\"@type\":\"ListItem\",\"position\":2,\"name\":\"Bilheteira | Loja Online\",\"item\":\"https:\/\/arte-coa.pt\/bilheteira-loja-online\/\"},{\"@type\":\"ListItem\",\"position\":3,\"name\":\"C\u00d4A MUSEUM &#8211; Camilo Rebelo &amp; Tiago Pimentel &#8211; GOP\"}]},{\"@type\":\"WebSite\",\"@id\":\"https:\/\/arte-coa.pt\/en\/#website\",\"url\":\"https:\/\/arte-coa.pt\/en\/\",\"name\":\"C\u00f4a Parque\",\"description\":\"Arte C\u00f4a\",\"potentialAction\":[{\"@type\":\"SearchAction\",\"target\":{\"@type\":\"EntryPoint\",\"urlTemplate\":\"https:\/\/arte-coa.pt\/en\/?s={search_term_string}\"},\"query-input\":{\"@type\":\"PropertyValueSpecification\",\"valueRequired\":true,\"valueName\":\"search_term_string\"}}],\"inLanguage\":\"en-US\"}]}<\/script>\n<!-- \/ Yoast SEO plugin. -->","yoast_head_json":{"title":"C\u00d4A MUSEUM - Camilo Rebelo &amp; Tiago Pimentel - GOP - C\u00f4a Parque","robots":{"index":"index","follow":"follow","max-snippet":"max-snippet:-1","max-image-preview":"max-image-preview:large","max-video-preview":"max-video-preview:-1"},"canonical":"https:\/\/arte-coa.pt\/en\/produto\/coa-museum-camilo-rebelo-tiago-pimentel-gop\/","og_locale":"en_US","og_type":"article","og_title":"C\u00d4A MUSEUM - Camilo Rebelo &amp; Tiago Pimentel - GOP - C\u00f4a Parque","og_description":"&#8220;Collection Long Books&#8221; &#8211; Book about the architecture of the C\u00f4a Museum with texts in English and photographs (63 pages)","og_url":"https:\/\/arte-coa.pt\/en\/produto\/coa-museum-camilo-rebelo-tiago-pimentel-gop\/","og_site_name":"C\u00f4a Parque","article_modified_time":"2026-02-18T16:34:57+00:00","og_image":[{"width":1024,"height":1024,"url":"https:\/\/arte-coa.pt\/wp-content\/uploads\/2026\/02\/Capa-Coa-Museum-1024x1024.jpg","type":"image\/jpeg"}],"twitter_card":"summary_large_image","twitter_misc":{"Est. reading time":"1 minute"},"schema":{"@context":"https:\/\/schema.org","@graph":[{"@type":"WebPage","@id":"https:\/\/arte-coa.pt\/en\/produto\/coa-museum-camilo-rebelo-tiago-pimentel-gop\/","url":"https:\/\/arte-coa.pt\/en\/produto\/coa-museum-camilo-rebelo-tiago-pimentel-gop\/","name":"C\u00d4A MUSEUM - Camilo Rebelo &amp; Tiago Pimentel - GOP - C\u00f4a Parque","isPartOf":{"@id":"https:\/\/arte-coa.pt\/en\/#website"},"primaryImageOfPage":{"@id":"https:\/\/arte-coa.pt\/en\/produto\/coa-museum-camilo-rebelo-tiago-pimentel-gop\/#primaryimage"},"image":{"@id":"https:\/\/arte-coa.pt\/en\/produto\/coa-museum-camilo-rebelo-tiago-pimentel-gop\/#primaryimage"},"thumbnailUrl":"https:\/\/arte-coa.pt\/wp-content\/uploads\/2026\/02\/Capa-Coa-Museum.jpg","datePublished":"2026-02-18T16:32:31+00:00","dateModified":"2026-02-18T16:34:57+00:00","breadcrumb":{"@id":"https:\/\/arte-coa.pt\/en\/produto\/coa-museum-camilo-rebelo-tiago-pimentel-gop\/#breadcrumb"},"inLanguage":"en-US","potentialAction":[{"@type":"ReadAction","target":["https:\/\/arte-coa.pt\/en\/produto\/coa-museum-camilo-rebelo-tiago-pimentel-gop\/"]}]},{"@type":"ImageObject","inLanguage":"en-US","@id":"https:\/\/arte-coa.pt\/en\/produto\/coa-museum-camilo-rebelo-tiago-pimentel-gop\/#primaryimage","url":"https:\/\/arte-coa.pt\/wp-content\/uploads\/2026\/02\/Capa-Coa-Museum.jpg","contentUrl":"https:\/\/arte-coa.pt\/wp-content\/uploads\/2026\/02\/Capa-Coa-Museum.jpg","width":2500,"height":2500},{"@type":"BreadcrumbList","@id":"https:\/\/arte-coa.pt\/en\/produto\/coa-museum-camilo-rebelo-tiago-pimentel-gop\/#breadcrumb","itemListElement":[{"@type":"ListItem","position":1,"name":"Home","item":"https:\/\/arte-coa.pt\/en\/"},{"@type":"ListItem","position":2,"name":"Bilheteira | Loja Online","item":"https:\/\/arte-coa.pt\/bilheteira-loja-online\/"},{"@type":"ListItem","position":3,"name":"C\u00d4A MUSEUM &#8211; Camilo Rebelo &amp; Tiago Pimentel &#8211; GOP"}]},{"@type":"WebSite","@id":"https:\/\/arte-coa.pt\/en\/#website","url":"https:\/\/arte-coa.pt\/en\/","name":"C\u00f4a Parque","description":"Arte C\u00f4a","potentialAction":[{"@type":"SearchAction","target":{"@type":"EntryPoint","urlTemplate":"https:\/\/arte-coa.pt\/en\/?s={search_term_string}"},"query-input":{"@type":"PropertyValueSpecification","valueRequired":true,"valueName":"search_term_string"}}],"inLanguage":"en-US"}]}},"_links":{"self":[{"href":"https:\/\/arte-coa.pt\/en\/wp-json\/wp\/v2\/product\/38341","targetHints":{"allow":["GET"]}}],"collection":[{"href":"https:\/\/arte-coa.pt\/en\/wp-json\/wp\/v2\/product"}],"about":[{"href":"https:\/\/arte-coa.pt\/en\/wp-json\/wp\/v2\/types\/product"}],"wp:featuredmedia":[{"embeddable":true,"href":"https:\/\/arte-coa.pt\/en\/wp-json\/wp\/v2\/media\/38338"}],"wp:attachment":[{"href":"https:\/\/arte-coa.pt\/en\/wp-json\/wp\/v2\/media?parent=38341"}],"wp:term":[{"taxonomy":"product_brand","embeddable":true,"href":"https:\/\/arte-coa.pt\/en\/wp-json\/wp\/v2\/product_brand?post=38341"},{"taxonomy":"product_cat","embeddable":true,"href":"https:\/\/arte-coa.pt\/en\/wp-json\/wp\/v2\/product_cat?post=38341"},{"taxonomy":"product_tag","embeddable":true,"href":"https:\/\/arte-coa.pt\/en\/wp-json\/wp\/v2\/product_tag?post=38341"}],"curies":[{"name":"wp","href":"https:\/\/api.w.org\/{rel}","templated":true}]}}