{"id":37035,"date":"2025-06-27T14:43:58","date_gmt":"2025-06-27T14:46:46","guid":{"rendered":"https:\/\/arte-coa.pt\/?post_type=product&#038;p=37035"},"modified":"2025-06-27T14:46:46","modified_gmt":"2025-06-27T14:46:46","slug":"catalogue-a-ray-going-round-the-dust-rui-horta-pereira","status":"publish","type":"product","link":"https:\/\/arte-coa.pt\/en\/produto\/catalogue-a-ray-going-round-the-dust-rui-horta-pereira\/","title":{"rendered":"Catalogue &#8220;A ray going round the dust&#8221;, Rui Horta Pereira"},"content":{"rendered":"<p>Catalogue Temporary Exhibition at the C\u00f4a Museum (2025) &#8211; <em><strong>&#8220;A ray going round the dust&#8221;<\/strong> <\/em>by Rui Horta Pereira. Publishers: C\u00f4a Parque Foundation &amp; Salgadeiras Contemporary Art.<\/p>\n","protected":false},"excerpt":{"rendered":"<p>Catalogue Temporary Exhibition at the C\u00f4a Museum (2025) &#8211; &#8220;A ray going round the dust&#8221; by Rui Horta Pereira. Publishers: C\u00f4a Parque Foundation &amp; Salgadeiras Contemporary Art.<\/p>\n","protected":false},"featured_media":37034,"template":"","meta":{"_acf_changed":false},"product_brand":[],"product_cat":[148,229],"product_tag":[],"class_list":{"0":"post-37035","1":"product","2":"type-product","3":"status-publish","4":"has-post-thumbnail","6":"product_cat-publications","7":"product_cat-highlights","9":"first","10":"instock","11":"featured","12":"taxable","13":"shipping-taxable","14":"purchasable","15":"product-type-simple"},"acf":[],"yoast_head":"<!-- This site is optimized with the Yoast SEO plugin v27.0 - https:\/\/yoast.com\/product\/yoast-seo-wordpress\/ -->\n<title>Catalogue &quot;A ray going round the dust&quot;, Rui Horta Pereira - C\u00f4a Parque<\/title>\n<meta name=\"robots\" content=\"index, follow, max-snippet:-1, max-image-preview:large, max-video-preview:-1\" \/>\n<link rel=\"canonical\" href=\"https:\/\/arte-coa.pt\/en\/produto\/catalogue-a-ray-going-round-the-dust-rui-horta-pereira\/\" \/>\n<meta property=\"og:locale\" content=\"en_US\" \/>\n<meta property=\"og:type\" content=\"article\" \/>\n<meta property=\"og:title\" content=\"Catalogue &quot;A ray going round the dust&quot;, Rui Horta Pereira - C\u00f4a Parque\" \/>\n<meta property=\"og:description\" content=\"Catalogue Temporary Exhibition at the C\u00f4a Museum (2025) &#8211; &#8220;A ray going round the dust&#8221; by Rui Horta Pereira. Publishers: C\u00f4a Parque Foundation &amp; Salgadeiras Contemporary Art.\" \/>\n<meta property=\"og:url\" content=\"https:\/\/arte-coa.pt\/en\/produto\/catalogue-a-ray-going-round-the-dust-rui-horta-pereira\/\" \/>\n<meta property=\"og:site_name\" content=\"C\u00f4a Parque\" \/>\n<meta property=\"og:image\" content=\"https:\/\/arte-coa.pt\/wp-content\/uploads\/2025\/06\/Catalogo-Expo-Rui-Horta-Pereira-1024x1024.jpg\" \/>\n\t<meta property=\"og:image:width\" content=\"1024\" \/>\n\t<meta property=\"og:image:height\" content=\"1024\" \/>\n\t<meta property=\"og:image:type\" content=\"image\/jpeg\" \/>\n<meta name=\"twitter:card\" content=\"summary_large_image\" \/>\n<meta name=\"twitter:label1\" content=\"Est. reading time\" \/>\n\t<meta name=\"twitter:data1\" content=\"1 minute\" \/>\n<script type=\"application\/ld+json\" class=\"yoast-schema-graph\">{\"@context\":\"https:\/\/schema.org\",\"@graph\":[{\"@type\":\"WebPage\",\"@id\":\"https:\/\/arte-coa.pt\/en\/produto\/catalogue-a-ray-going-round-the-dust-rui-horta-pereira\/\",\"url\":\"https:\/\/arte-coa.pt\/en\/produto\/catalogue-a-ray-going-round-the-dust-rui-horta-pereira\/\",\"name\":\"Catalogue \\\"A ray going round the dust\\\", Rui Horta Pereira - C\u00f4a Parque\",\"isPartOf\":{\"@id\":\"https:\/\/arte-coa.pt\/en\/#website\"},\"primaryImageOfPage\":{\"@id\":\"https:\/\/arte-coa.pt\/en\/produto\/catalogue-a-ray-going-round-the-dust-rui-horta-pereira\/#primaryimage\"},\"image\":{\"@id\":\"https:\/\/arte-coa.pt\/en\/produto\/catalogue-a-ray-going-round-the-dust-rui-horta-pereira\/#primaryimage\"},\"thumbnailUrl\":\"https:\/\/arte-coa.pt\/wp-content\/uploads\/2025\/06\/Catalogo-Expo-Rui-Horta-Pereira.jpg\",\"datePublished\":\"2025-06-27T14:46:46+00:00\",\"breadcrumb\":{\"@id\":\"https:\/\/arte-coa.pt\/en\/produto\/catalogue-a-ray-going-round-the-dust-rui-horta-pereira\/#breadcrumb\"},\"inLanguage\":\"en-US\",\"potentialAction\":[{\"@type\":\"ReadAction\",\"target\":[\"https:\/\/arte-coa.pt\/en\/produto\/catalogue-a-ray-going-round-the-dust-rui-horta-pereira\/\"]}]},{\"@type\":\"ImageObject\",\"inLanguage\":\"en-US\",\"@id\":\"https:\/\/arte-coa.pt\/en\/produto\/catalogue-a-ray-going-round-the-dust-rui-horta-pereira\/#primaryimage\",\"url\":\"https:\/\/arte-coa.pt\/wp-content\/uploads\/2025\/06\/Catalogo-Expo-Rui-Horta-Pereira.jpg\",\"contentUrl\":\"https:\/\/arte-coa.pt\/wp-content\/uploads\/2025\/06\/Catalogo-Expo-Rui-Horta-Pereira.jpg\",\"width\":2500,\"height\":2500},{\"@type\":\"BreadcrumbList\",\"@id\":\"https:\/\/arte-coa.pt\/en\/produto\/catalogue-a-ray-going-round-the-dust-rui-horta-pereira\/#breadcrumb\",\"itemListElement\":[{\"@type\":\"ListItem\",\"position\":1,\"name\":\"Home\",\"item\":\"https:\/\/arte-coa.pt\/en\/\"},{\"@type\":\"ListItem\",\"position\":2,\"name\":\"Bilheteira | Loja Online\",\"item\":\"https:\/\/arte-coa.pt\/bilheteira-loja-online\/\"},{\"@type\":\"ListItem\",\"position\":3,\"name\":\"Catalogue &#8220;A ray going round the dust&#8221;, Rui Horta Pereira\"}]},{\"@type\":\"WebSite\",\"@id\":\"https:\/\/arte-coa.pt\/en\/#website\",\"url\":\"https:\/\/arte-coa.pt\/en\/\",\"name\":\"C\u00f4a Parque\",\"description\":\"Arte C\u00f4a\",\"potentialAction\":[{\"@type\":\"SearchAction\",\"target\":{\"@type\":\"EntryPoint\",\"urlTemplate\":\"https:\/\/arte-coa.pt\/en\/?s={search_term_string}\"},\"query-input\":{\"@type\":\"PropertyValueSpecification\",\"valueRequired\":true,\"valueName\":\"search_term_string\"}}],\"inLanguage\":\"en-US\"}]}<\/script>\n<!-- \/ Yoast SEO plugin. -->","yoast_head_json":{"title":"Catalogue \"A ray going round the dust\", Rui Horta Pereira - C\u00f4a Parque","robots":{"index":"index","follow":"follow","max-snippet":"max-snippet:-1","max-image-preview":"max-image-preview:large","max-video-preview":"max-video-preview:-1"},"canonical":"https:\/\/arte-coa.pt\/en\/produto\/catalogue-a-ray-going-round-the-dust-rui-horta-pereira\/","og_locale":"en_US","og_type":"article","og_title":"Catalogue \"A ray going round the dust\", Rui Horta Pereira - C\u00f4a Parque","og_description":"Catalogue Temporary Exhibition at the C\u00f4a Museum (2025) &#8211; &#8220;A ray going round the dust&#8221; by Rui Horta Pereira. Publishers: C\u00f4a Parque Foundation &amp; Salgadeiras Contemporary Art.","og_url":"https:\/\/arte-coa.pt\/en\/produto\/catalogue-a-ray-going-round-the-dust-rui-horta-pereira\/","og_site_name":"C\u00f4a Parque","og_image":[{"width":1024,"height":1024,"url":"https:\/\/arte-coa.pt\/wp-content\/uploads\/2025\/06\/Catalogo-Expo-Rui-Horta-Pereira-1024x1024.jpg","type":"image\/jpeg"}],"twitter_card":"summary_large_image","twitter_misc":{"Est. reading time":"1 minute"},"schema":{"@context":"https:\/\/schema.org","@graph":[{"@type":"WebPage","@id":"https:\/\/arte-coa.pt\/en\/produto\/catalogue-a-ray-going-round-the-dust-rui-horta-pereira\/","url":"https:\/\/arte-coa.pt\/en\/produto\/catalogue-a-ray-going-round-the-dust-rui-horta-pereira\/","name":"Catalogue \"A ray going round the dust\", Rui Horta Pereira - C\u00f4a Parque","isPartOf":{"@id":"https:\/\/arte-coa.pt\/en\/#website"},"primaryImageOfPage":{"@id":"https:\/\/arte-coa.pt\/en\/produto\/catalogue-a-ray-going-round-the-dust-rui-horta-pereira\/#primaryimage"},"image":{"@id":"https:\/\/arte-coa.pt\/en\/produto\/catalogue-a-ray-going-round-the-dust-rui-horta-pereira\/#primaryimage"},"thumbnailUrl":"https:\/\/arte-coa.pt\/wp-content\/uploads\/2025\/06\/Catalogo-Expo-Rui-Horta-Pereira.jpg","datePublished":"2025-06-27T14:46:46+00:00","breadcrumb":{"@id":"https:\/\/arte-coa.pt\/en\/produto\/catalogue-a-ray-going-round-the-dust-rui-horta-pereira\/#breadcrumb"},"inLanguage":"en-US","potentialAction":[{"@type":"ReadAction","target":["https:\/\/arte-coa.pt\/en\/produto\/catalogue-a-ray-going-round-the-dust-rui-horta-pereira\/"]}]},{"@type":"ImageObject","inLanguage":"en-US","@id":"https:\/\/arte-coa.pt\/en\/produto\/catalogue-a-ray-going-round-the-dust-rui-horta-pereira\/#primaryimage","url":"https:\/\/arte-coa.pt\/wp-content\/uploads\/2025\/06\/Catalogo-Expo-Rui-Horta-Pereira.jpg","contentUrl":"https:\/\/arte-coa.pt\/wp-content\/uploads\/2025\/06\/Catalogo-Expo-Rui-Horta-Pereira.jpg","width":2500,"height":2500},{"@type":"BreadcrumbList","@id":"https:\/\/arte-coa.pt\/en\/produto\/catalogue-a-ray-going-round-the-dust-rui-horta-pereira\/#breadcrumb","itemListElement":[{"@type":"ListItem","position":1,"name":"Home","item":"https:\/\/arte-coa.pt\/en\/"},{"@type":"ListItem","position":2,"name":"Bilheteira | Loja Online","item":"https:\/\/arte-coa.pt\/bilheteira-loja-online\/"},{"@type":"ListItem","position":3,"name":"Catalogue &#8220;A ray going round the dust&#8221;, Rui Horta Pereira"}]},{"@type":"WebSite","@id":"https:\/\/arte-coa.pt\/en\/#website","url":"https:\/\/arte-coa.pt\/en\/","name":"C\u00f4a Parque","description":"Arte C\u00f4a","potentialAction":[{"@type":"SearchAction","target":{"@type":"EntryPoint","urlTemplate":"https:\/\/arte-coa.pt\/en\/?s={search_term_string}"},"query-input":{"@type":"PropertyValueSpecification","valueRequired":true,"valueName":"search_term_string"}}],"inLanguage":"en-US"}]}},"_links":{"self":[{"href":"https:\/\/arte-coa.pt\/en\/wp-json\/wp\/v2\/product\/37035","targetHints":{"allow":["GET"]}}],"collection":[{"href":"https:\/\/arte-coa.pt\/en\/wp-json\/wp\/v2\/product"}],"about":[{"href":"https:\/\/arte-coa.pt\/en\/wp-json\/wp\/v2\/types\/product"}],"wp:featuredmedia":[{"embeddable":true,"href":"https:\/\/arte-coa.pt\/en\/wp-json\/wp\/v2\/media\/37034"}],"wp:attachment":[{"href":"https:\/\/arte-coa.pt\/en\/wp-json\/wp\/v2\/media?parent=37035"}],"wp:term":[{"taxonomy":"product_brand","embeddable":true,"href":"https:\/\/arte-coa.pt\/en\/wp-json\/wp\/v2\/product_brand?post=37035"},{"taxonomy":"product_cat","embeddable":true,"href":"https:\/\/arte-coa.pt\/en\/wp-json\/wp\/v2\/product_cat?post=37035"},{"taxonomy":"product_tag","embeddable":true,"href":"https:\/\/arte-coa.pt\/en\/wp-json\/wp\/v2\/product_tag?post=37035"}],"curies":[{"name":"wp","href":"https:\/\/api.w.org\/{rel}","templated":true}]}}