{"id":34605,"date":"2024-06-13T16:15:52","date_gmt":"2024-06-13T16:15:52","guid":{"rendered":"https:\/\/arte-coa.pt\/?post_type=product&#038;p=34605"},"modified":"2024-06-13T16:17:49","modified_gmt":"2024-06-13T16:17:49","slug":"sweat-shirt-coa-mc","status":"publish","type":"product","link":"https:\/\/arte-coa.pt\/en\/produto\/sweat-shirt-coa-mc\/","title":{"rendered":"Sweat-Shirt C\u00f4a &#8211; MC"},"content":{"rendered":"<p id=\"tw-target-text\" class=\"tw-data-text tw-text-large tw-ta\" data-placeholder=\"Tradu\u00e7\u00e3o\" aria-label=\"Texto traduzido\" data-ved=\"2ahUKEwiJrNOS_diGAxVU9QIHHQPrC7EQ3ewLegQIBRAU\"><span class=\"Y2IQFc\" lang=\"en\">Long-sleeved sweatshirt with printed engravings of the C\u00f4a Valley. 50% cotton + 50% polyester<\/span><\/p>\n","protected":false},"excerpt":{"rendered":"<p>Long-sleeved sweatshirt with printed engravings of the C\u00f4a Valley. 50% cotton + 50% polyester<\/p>\n","protected":false},"featured_media":34598,"template":"","meta":{"_acf_changed":false},"product_brand":[],"product_cat":[226,229],"product_tag":[],"class_list":{"0":"post-34605","1":"product","2":"type-product","3":"status-publish","4":"has-post-thumbnail","6":"product_cat-clothing","7":"product_cat-highlights","9":"first","10":"instock","11":"featured","12":"taxable","13":"shipping-taxable","14":"purchasable","15":"product-type-variable"},"acf":[],"yoast_head":"<!-- This site is optimized with the Yoast SEO plugin v27.0 - https:\/\/yoast.com\/product\/yoast-seo-wordpress\/ -->\n<title>Sweat-Shirt C\u00f4a - MC - C\u00f4a Parque<\/title>\n<meta name=\"robots\" content=\"index, follow, max-snippet:-1, max-image-preview:large, max-video-preview:-1\" \/>\n<link rel=\"canonical\" href=\"https:\/\/arte-coa.pt\/en\/produto\/sweat-shirt-coa-mc\/\" \/>\n<meta property=\"og:locale\" content=\"en_US\" \/>\n<meta property=\"og:type\" content=\"article\" \/>\n<meta property=\"og:title\" content=\"Sweat-Shirt C\u00f4a - MC - C\u00f4a Parque\" \/>\n<meta property=\"og:description\" content=\"Long-sleeved sweatshirt with printed engravings of the C\u00f4a Valley. 50% cotton + 50% polyester\" \/>\n<meta property=\"og:url\" content=\"https:\/\/arte-coa.pt\/en\/produto\/sweat-shirt-coa-mc\/\" \/>\n<meta property=\"og:site_name\" content=\"C\u00f4a Parque\" \/>\n<meta property=\"article:modified_time\" content=\"2024-06-13T16:17:49+00:00\" \/>\n<meta name=\"twitter:card\" content=\"summary_large_image\" \/>\n<meta name=\"twitter:label1\" content=\"Est. reading time\" \/>\n\t<meta name=\"twitter:data1\" content=\"1 minute\" \/>\n<script type=\"application\/ld+json\" class=\"yoast-schema-graph\">{\"@context\":\"https:\/\/schema.org\",\"@graph\":[{\"@type\":\"WebPage\",\"@id\":\"https:\/\/arte-coa.pt\/en\/produto\/sweat-shirt-coa-mc\/\",\"url\":\"https:\/\/arte-coa.pt\/en\/produto\/sweat-shirt-coa-mc\/\",\"name\":\"Sweat-Shirt C\u00f4a - MC - C\u00f4a Parque\",\"isPartOf\":{\"@id\":\"https:\/\/arte-coa.pt\/en\/#website\"},\"primaryImageOfPage\":{\"@id\":\"https:\/\/arte-coa.pt\/en\/produto\/sweat-shirt-coa-mc\/#primaryimage\"},\"image\":{\"@id\":\"https:\/\/arte-coa.pt\/en\/produto\/sweat-shirt-coa-mc\/#primaryimage\"},\"thumbnailUrl\":\"https:\/\/arte-coa.pt\/wp-content\/uploads\/2024\/06\/IMG_1925-Sweat-Canada.jpg\",\"datePublished\":\"2024-06-13T16:15:52+00:00\",\"dateModified\":\"2024-06-13T16:17:49+00:00\",\"breadcrumb\":{\"@id\":\"https:\/\/arte-coa.pt\/en\/produto\/sweat-shirt-coa-mc\/#breadcrumb\"},\"inLanguage\":\"en-US\",\"potentialAction\":[{\"@type\":\"ReadAction\",\"target\":[\"https:\/\/arte-coa.pt\/en\/produto\/sweat-shirt-coa-mc\/\"]}]},{\"@type\":\"ImageObject\",\"inLanguage\":\"en-US\",\"@id\":\"https:\/\/arte-coa.pt\/en\/produto\/sweat-shirt-coa-mc\/#primaryimage\",\"url\":\"https:\/\/arte-coa.pt\/wp-content\/uploads\/2024\/06\/IMG_1925-Sweat-Canada.jpg\",\"contentUrl\":\"https:\/\/arte-coa.pt\/wp-content\/uploads\/2024\/06\/IMG_1925-Sweat-Canada.jpg\",\"width\":1667,\"height\":2500},{\"@type\":\"BreadcrumbList\",\"@id\":\"https:\/\/arte-coa.pt\/en\/produto\/sweat-shirt-coa-mc\/#breadcrumb\",\"itemListElement\":[{\"@type\":\"ListItem\",\"position\":1,\"name\":\"Home\",\"item\":\"https:\/\/arte-coa.pt\/en\/\"},{\"@type\":\"ListItem\",\"position\":2,\"name\":\"Bilheteira | Loja Online\",\"item\":\"https:\/\/arte-coa.pt\/bilheteira-loja-online\/\"},{\"@type\":\"ListItem\",\"position\":3,\"name\":\"Sweat-Shirt C\u00f4a &#8211; MC\"}]},{\"@type\":\"WebSite\",\"@id\":\"https:\/\/arte-coa.pt\/en\/#website\",\"url\":\"https:\/\/arte-coa.pt\/en\/\",\"name\":\"C\u00f4a Parque\",\"description\":\"Arte C\u00f4a\",\"potentialAction\":[{\"@type\":\"SearchAction\",\"target\":{\"@type\":\"EntryPoint\",\"urlTemplate\":\"https:\/\/arte-coa.pt\/en\/?s={search_term_string}\"},\"query-input\":{\"@type\":\"PropertyValueSpecification\",\"valueRequired\":true,\"valueName\":\"search_term_string\"}}],\"inLanguage\":\"en-US\"}]}<\/script>\n<!-- \/ Yoast SEO plugin. -->","yoast_head_json":{"title":"Sweat-Shirt C\u00f4a - MC - C\u00f4a Parque","robots":{"index":"index","follow":"follow","max-snippet":"max-snippet:-1","max-image-preview":"max-image-preview:large","max-video-preview":"max-video-preview:-1"},"canonical":"https:\/\/arte-coa.pt\/en\/produto\/sweat-shirt-coa-mc\/","og_locale":"en_US","og_type":"article","og_title":"Sweat-Shirt C\u00f4a - MC - C\u00f4a Parque","og_description":"Long-sleeved sweatshirt with printed engravings of the C\u00f4a Valley. 50% cotton + 50% polyester","og_url":"https:\/\/arte-coa.pt\/en\/produto\/sweat-shirt-coa-mc\/","og_site_name":"C\u00f4a Parque","article_modified_time":"2024-06-13T16:17:49+00:00","twitter_card":"summary_large_image","twitter_misc":{"Est. reading time":"1 minute"},"schema":{"@context":"https:\/\/schema.org","@graph":[{"@type":"WebPage","@id":"https:\/\/arte-coa.pt\/en\/produto\/sweat-shirt-coa-mc\/","url":"https:\/\/arte-coa.pt\/en\/produto\/sweat-shirt-coa-mc\/","name":"Sweat-Shirt C\u00f4a - MC - C\u00f4a Parque","isPartOf":{"@id":"https:\/\/arte-coa.pt\/en\/#website"},"primaryImageOfPage":{"@id":"https:\/\/arte-coa.pt\/en\/produto\/sweat-shirt-coa-mc\/#primaryimage"},"image":{"@id":"https:\/\/arte-coa.pt\/en\/produto\/sweat-shirt-coa-mc\/#primaryimage"},"thumbnailUrl":"https:\/\/arte-coa.pt\/wp-content\/uploads\/2024\/06\/IMG_1925-Sweat-Canada.jpg","datePublished":"2024-06-13T16:15:52+00:00","dateModified":"2024-06-13T16:17:49+00:00","breadcrumb":{"@id":"https:\/\/arte-coa.pt\/en\/produto\/sweat-shirt-coa-mc\/#breadcrumb"},"inLanguage":"en-US","potentialAction":[{"@type":"ReadAction","target":["https:\/\/arte-coa.pt\/en\/produto\/sweat-shirt-coa-mc\/"]}]},{"@type":"ImageObject","inLanguage":"en-US","@id":"https:\/\/arte-coa.pt\/en\/produto\/sweat-shirt-coa-mc\/#primaryimage","url":"https:\/\/arte-coa.pt\/wp-content\/uploads\/2024\/06\/IMG_1925-Sweat-Canada.jpg","contentUrl":"https:\/\/arte-coa.pt\/wp-content\/uploads\/2024\/06\/IMG_1925-Sweat-Canada.jpg","width":1667,"height":2500},{"@type":"BreadcrumbList","@id":"https:\/\/arte-coa.pt\/en\/produto\/sweat-shirt-coa-mc\/#breadcrumb","itemListElement":[{"@type":"ListItem","position":1,"name":"Home","item":"https:\/\/arte-coa.pt\/en\/"},{"@type":"ListItem","position":2,"name":"Bilheteira | Loja Online","item":"https:\/\/arte-coa.pt\/bilheteira-loja-online\/"},{"@type":"ListItem","position":3,"name":"Sweat-Shirt C\u00f4a &#8211; MC"}]},{"@type":"WebSite","@id":"https:\/\/arte-coa.pt\/en\/#website","url":"https:\/\/arte-coa.pt\/en\/","name":"C\u00f4a Parque","description":"Arte C\u00f4a","potentialAction":[{"@type":"SearchAction","target":{"@type":"EntryPoint","urlTemplate":"https:\/\/arte-coa.pt\/en\/?s={search_term_string}"},"query-input":{"@type":"PropertyValueSpecification","valueRequired":true,"valueName":"search_term_string"}}],"inLanguage":"en-US"}]}},"_links":{"self":[{"href":"https:\/\/arte-coa.pt\/en\/wp-json\/wp\/v2\/product\/34605","targetHints":{"allow":["GET"]}}],"collection":[{"href":"https:\/\/arte-coa.pt\/en\/wp-json\/wp\/v2\/product"}],"about":[{"href":"https:\/\/arte-coa.pt\/en\/wp-json\/wp\/v2\/types\/product"}],"wp:featuredmedia":[{"embeddable":true,"href":"https:\/\/arte-coa.pt\/en\/wp-json\/wp\/v2\/media\/34598"}],"wp:attachment":[{"href":"https:\/\/arte-coa.pt\/en\/wp-json\/wp\/v2\/media?parent=34605"}],"wp:term":[{"taxonomy":"product_brand","embeddable":true,"href":"https:\/\/arte-coa.pt\/en\/wp-json\/wp\/v2\/product_brand?post=34605"},{"taxonomy":"product_cat","embeddable":true,"href":"https:\/\/arte-coa.pt\/en\/wp-json\/wp\/v2\/product_cat?post=34605"},{"taxonomy":"product_tag","embeddable":true,"href":"https:\/\/arte-coa.pt\/en\/wp-json\/wp\/v2\/product_tag?post=34605"}],"curies":[{"name":"wp","href":"https:\/\/api.w.org\/{rel}","templated":true}]}}