{"id":33349,"date":"2023-11-19T12:38:36","date_gmt":"2023-11-19T12:40:27","guid":{"rendered":"https:\/\/arte-coa.pt\/?post_type=product&#038;p=33349"},"modified":"2023-11-19T12:40:40","modified_gmt":"2023-11-19T12:40:40","slug":"coa-symposium-mc","status":"publish","type":"product","link":"https:\/\/arte-coa.pt\/en\/produto\/coa-symposium-mc\/","title":{"rendered":"C\u00f4a Symposium &#8211; MC"},"content":{"rendered":"<div class=\"QFw9Te BLojaf\">\n<div id=\"ow85\">&#8220;C\u00f4a Symposium &#8211; Novos Olhares sobre a Arte Paleol\u00edtica \/ New <b><i>perspectives<\/i><\/b>\u00a0on Paleolithic Art&#8221; Coordena\u00e7\u00e3o: Thierry Aubry, Andr\u00e9 Santos e Andrea Martins &#8211; Museu do C\u00f4a 4 a 6 Dezembro 2018<\/div>\n<\/div>\n<div class=\"ebT7ne sMVRZe\">\n<div class=\"F0pQVc\">\u200b<\/div>\n<\/div>\n<div class=\"FFpbKc\">\n<div>\n<div data-show-delay-ms=\"250\" data-append-to-body=\"false\" data-propagate-tooltip-mouseover-events=\"true\" data-anchor-corner=\"bottom-left\" data-enable-skip-handler=\"false\" data-popup-corner=\"top-left\">\n<div>\n<div class=\"VfPpkd-Bz112c-Jh9lGc\"><\/div>\n<div class=\"VfPpkd-Bz112c-RLmnJb\"><\/div>\n<\/div>\n<div class=\" B2mKhd  eQGGme xGUN1\"><\/div>\n<\/div>\n<\/div>\n<div class=\"r375lc\">\n<div class=\"aJIq1d\" data-language-code=\"auto\" data-language-name=\"Detetar idioma\" data-text=\"\" data-crosslingual-hint=\"null\" data-location=\"1\" data-enable-toggle-playback-speed=\"true\">\n<div class=\"m0Qfkd\">\n<div class=\"VfPpkd-Bz112c-Jh9lGc\"><\/div>\n<div class=\"VfPpkd-Bz112c-RLmnJb\"><\/div>\n<\/div>\n<\/div>\n<\/div>\n<\/div>\n<div class=\"QcsUad BDJ8fb BLojaf sMVRZe wneUed\">\n<div class=\"usGWQd\">\n<div class=\"KkbLmb\">\n<div class=\"lRu31\"><\/div>\n<\/div>\n<\/div>\n<\/div>\n","protected":false},"excerpt":{"rendered":"<p>&#8220;C\u00f4a Symposium &#8211; Novos Olhares sobre a Arte Paleol\u00edtica \/ New perspectives\u00a0on Paleolithic Art&#8221; Coordena\u00e7\u00e3o: Thierry Aubry, Andr\u00e9 Santos e Andrea Martins &#8211; Museu do C\u00f4a 4 a 6 Dezembro&#8230;<\/p>\n","protected":false},"featured_media":33348,"template":"","meta":{"_acf_changed":false},"product_brand":[],"product_cat":[148,229],"product_tag":[],"class_list":{"0":"post-33349","1":"product","2":"type-product","3":"status-publish","4":"has-post-thumbnail","6":"product_cat-publications","7":"product_cat-highlights","9":"first","10":"instock","11":"featured","12":"taxable","13":"shipping-taxable","14":"purchasable","15":"product-type-simple"},"acf":[],"yoast_head":"<!-- This site is optimized with the Yoast SEO plugin v27.0 - https:\/\/yoast.com\/product\/yoast-seo-wordpress\/ -->\n<title>C\u00f4a Symposium - MC - C\u00f4a Parque<\/title>\n<meta name=\"robots\" content=\"index, follow, max-snippet:-1, max-image-preview:large, max-video-preview:-1\" \/>\n<link rel=\"canonical\" href=\"https:\/\/arte-coa.pt\/en\/produto\/coa-symposium-mc\/\" \/>\n<meta property=\"og:locale\" content=\"en_US\" \/>\n<meta property=\"og:type\" content=\"article\" \/>\n<meta property=\"og:title\" content=\"C\u00f4a Symposium - MC - C\u00f4a Parque\" \/>\n<meta property=\"og:description\" content=\"&#8220;C\u00f4a Symposium &#8211; Novos Olhares sobre a Arte Paleol\u00edtica \/ New perspectives\u00a0on Paleolithic Art&#8221; Coordena\u00e7\u00e3o: Thierry Aubry, Andr\u00e9 Santos e Andrea Martins &#8211; Museu do C\u00f4a 4 a 6 Dezembro...\" \/>\n<meta property=\"og:url\" content=\"https:\/\/arte-coa.pt\/en\/produto\/coa-symposium-mc\/\" \/>\n<meta property=\"og:site_name\" content=\"C\u00f4a Parque\" \/>\n<meta property=\"article:modified_time\" content=\"2023-11-19T12:40:40+00:00\" \/>\n<meta property=\"og:image\" content=\"https:\/\/arte-coa.pt\/wp-content\/uploads\/2023\/11\/IMG_3498-scaled.jpg\" \/>\n\t<meta property=\"og:image:width\" content=\"1707\" \/>\n\t<meta property=\"og:image:height\" content=\"2560\" \/>\n\t<meta property=\"og:image:type\" content=\"image\/jpeg\" \/>\n<meta name=\"twitter:card\" content=\"summary_large_image\" \/>\n<meta name=\"twitter:label1\" content=\"Est. reading time\" \/>\n\t<meta name=\"twitter:data1\" content=\"1 minute\" \/>\n<script type=\"application\/ld+json\" class=\"yoast-schema-graph\">{\"@context\":\"https:\/\/schema.org\",\"@graph\":[{\"@type\":\"WebPage\",\"@id\":\"https:\/\/arte-coa.pt\/en\/produto\/coa-symposium-mc\/\",\"url\":\"https:\/\/arte-coa.pt\/en\/produto\/coa-symposium-mc\/\",\"name\":\"C\u00f4a Symposium - MC - C\u00f4a Parque\",\"isPartOf\":{\"@id\":\"https:\/\/arte-coa.pt\/en\/#website\"},\"primaryImageOfPage\":{\"@id\":\"https:\/\/arte-coa.pt\/en\/produto\/coa-symposium-mc\/#primaryimage\"},\"image\":{\"@id\":\"https:\/\/arte-coa.pt\/en\/produto\/coa-symposium-mc\/#primaryimage\"},\"thumbnailUrl\":\"https:\/\/arte-coa.pt\/wp-content\/uploads\/2023\/11\/IMG_3498-scaled.jpg\",\"datePublished\":\"2023-11-19T12:40:27+00:00\",\"dateModified\":\"2023-11-19T12:40:40+00:00\",\"breadcrumb\":{\"@id\":\"https:\/\/arte-coa.pt\/en\/produto\/coa-symposium-mc\/#breadcrumb\"},\"inLanguage\":\"en-US\",\"potentialAction\":[{\"@type\":\"ReadAction\",\"target\":[\"https:\/\/arte-coa.pt\/en\/produto\/coa-symposium-mc\/\"]}]},{\"@type\":\"ImageObject\",\"inLanguage\":\"en-US\",\"@id\":\"https:\/\/arte-coa.pt\/en\/produto\/coa-symposium-mc\/#primaryimage\",\"url\":\"https:\/\/arte-coa.pt\/wp-content\/uploads\/2023\/11\/IMG_3498-scaled.jpg\",\"contentUrl\":\"https:\/\/arte-coa.pt\/wp-content\/uploads\/2023\/11\/IMG_3498-scaled.jpg\",\"width\":1707,\"height\":2560},{\"@type\":\"BreadcrumbList\",\"@id\":\"https:\/\/arte-coa.pt\/en\/produto\/coa-symposium-mc\/#breadcrumb\",\"itemListElement\":[{\"@type\":\"ListItem\",\"position\":1,\"name\":\"Home\",\"item\":\"https:\/\/arte-coa.pt\/en\/\"},{\"@type\":\"ListItem\",\"position\":2,\"name\":\"Bilheteira | Loja Online\",\"item\":\"https:\/\/arte-coa.pt\/bilheteira-loja-online\/\"},{\"@type\":\"ListItem\",\"position\":3,\"name\":\"C\u00f4a Symposium &#8211; MC\"}]},{\"@type\":\"WebSite\",\"@id\":\"https:\/\/arte-coa.pt\/en\/#website\",\"url\":\"https:\/\/arte-coa.pt\/en\/\",\"name\":\"C\u00f4a Parque\",\"description\":\"Arte C\u00f4a\",\"potentialAction\":[{\"@type\":\"SearchAction\",\"target\":{\"@type\":\"EntryPoint\",\"urlTemplate\":\"https:\/\/arte-coa.pt\/en\/?s={search_term_string}\"},\"query-input\":{\"@type\":\"PropertyValueSpecification\",\"valueRequired\":true,\"valueName\":\"search_term_string\"}}],\"inLanguage\":\"en-US\"}]}<\/script>\n<!-- \/ Yoast SEO plugin. -->","yoast_head_json":{"title":"C\u00f4a Symposium - MC - C\u00f4a Parque","robots":{"index":"index","follow":"follow","max-snippet":"max-snippet:-1","max-image-preview":"max-image-preview:large","max-video-preview":"max-video-preview:-1"},"canonical":"https:\/\/arte-coa.pt\/en\/produto\/coa-symposium-mc\/","og_locale":"en_US","og_type":"article","og_title":"C\u00f4a Symposium - MC - C\u00f4a Parque","og_description":"&#8220;C\u00f4a Symposium &#8211; Novos Olhares sobre a Arte Paleol\u00edtica \/ New perspectives\u00a0on Paleolithic Art&#8221; Coordena\u00e7\u00e3o: Thierry Aubry, Andr\u00e9 Santos e Andrea Martins &#8211; Museu do C\u00f4a 4 a 6 Dezembro...","og_url":"https:\/\/arte-coa.pt\/en\/produto\/coa-symposium-mc\/","og_site_name":"C\u00f4a Parque","article_modified_time":"2023-11-19T12:40:40+00:00","og_image":[{"width":1707,"height":2560,"url":"https:\/\/arte-coa.pt\/wp-content\/uploads\/2023\/11\/IMG_3498-scaled.jpg","type":"image\/jpeg"}],"twitter_card":"summary_large_image","twitter_misc":{"Est. reading time":"1 minute"},"schema":{"@context":"https:\/\/schema.org","@graph":[{"@type":"WebPage","@id":"https:\/\/arte-coa.pt\/en\/produto\/coa-symposium-mc\/","url":"https:\/\/arte-coa.pt\/en\/produto\/coa-symposium-mc\/","name":"C\u00f4a Symposium - MC - C\u00f4a Parque","isPartOf":{"@id":"https:\/\/arte-coa.pt\/en\/#website"},"primaryImageOfPage":{"@id":"https:\/\/arte-coa.pt\/en\/produto\/coa-symposium-mc\/#primaryimage"},"image":{"@id":"https:\/\/arte-coa.pt\/en\/produto\/coa-symposium-mc\/#primaryimage"},"thumbnailUrl":"https:\/\/arte-coa.pt\/wp-content\/uploads\/2023\/11\/IMG_3498-scaled.jpg","datePublished":"2023-11-19T12:40:27+00:00","dateModified":"2023-11-19T12:40:40+00:00","breadcrumb":{"@id":"https:\/\/arte-coa.pt\/en\/produto\/coa-symposium-mc\/#breadcrumb"},"inLanguage":"en-US","potentialAction":[{"@type":"ReadAction","target":["https:\/\/arte-coa.pt\/en\/produto\/coa-symposium-mc\/"]}]},{"@type":"ImageObject","inLanguage":"en-US","@id":"https:\/\/arte-coa.pt\/en\/produto\/coa-symposium-mc\/#primaryimage","url":"https:\/\/arte-coa.pt\/wp-content\/uploads\/2023\/11\/IMG_3498-scaled.jpg","contentUrl":"https:\/\/arte-coa.pt\/wp-content\/uploads\/2023\/11\/IMG_3498-scaled.jpg","width":1707,"height":2560},{"@type":"BreadcrumbList","@id":"https:\/\/arte-coa.pt\/en\/produto\/coa-symposium-mc\/#breadcrumb","itemListElement":[{"@type":"ListItem","position":1,"name":"Home","item":"https:\/\/arte-coa.pt\/en\/"},{"@type":"ListItem","position":2,"name":"Bilheteira | Loja Online","item":"https:\/\/arte-coa.pt\/bilheteira-loja-online\/"},{"@type":"ListItem","position":3,"name":"C\u00f4a Symposium &#8211; MC"}]},{"@type":"WebSite","@id":"https:\/\/arte-coa.pt\/en\/#website","url":"https:\/\/arte-coa.pt\/en\/","name":"C\u00f4a Parque","description":"Arte C\u00f4a","potentialAction":[{"@type":"SearchAction","target":{"@type":"EntryPoint","urlTemplate":"https:\/\/arte-coa.pt\/en\/?s={search_term_string}"},"query-input":{"@type":"PropertyValueSpecification","valueRequired":true,"valueName":"search_term_string"}}],"inLanguage":"en-US"}]}},"_links":{"self":[{"href":"https:\/\/arte-coa.pt\/en\/wp-json\/wp\/v2\/product\/33349","targetHints":{"allow":["GET"]}}],"collection":[{"href":"https:\/\/arte-coa.pt\/en\/wp-json\/wp\/v2\/product"}],"about":[{"href":"https:\/\/arte-coa.pt\/en\/wp-json\/wp\/v2\/types\/product"}],"wp:featuredmedia":[{"embeddable":true,"href":"https:\/\/arte-coa.pt\/en\/wp-json\/wp\/v2\/media\/33348"}],"wp:attachment":[{"href":"https:\/\/arte-coa.pt\/en\/wp-json\/wp\/v2\/media?parent=33349"}],"wp:term":[{"taxonomy":"product_brand","embeddable":true,"href":"https:\/\/arte-coa.pt\/en\/wp-json\/wp\/v2\/product_brand?post=33349"},{"taxonomy":"product_cat","embeddable":true,"href":"https:\/\/arte-coa.pt\/en\/wp-json\/wp\/v2\/product_cat?post=33349"},{"taxonomy":"product_tag","embeddable":true,"href":"https:\/\/arte-coa.pt\/en\/wp-json\/wp\/v2\/product_tag?post=33349"}],"curies":[{"name":"wp","href":"https:\/\/api.w.org\/{rel}","templated":true}]}}