{"id":32053,"date":"2023-05-19T13:41:02","date_gmt":"2023-05-19T13:41:02","guid":{"rendered":"https:\/\/arte-coa.pt\/?post_type=product&#038;p=32053"},"modified":"2023-05-19T14:47:56","modified_gmt":"2023-05-19T14:47:56","slug":"photographic-catalogue-coa-douro-mc-copia","status":"publish","type":"product","link":"https:\/\/arte-coa.pt\/en\/produto\/photographic-catalogue-coa-douro-mc-copia\/","title":{"rendered":"Catalog Dark Safari"},"content":{"rendered":"<p>Catalog &#8220;DARK SAFARI &#8211; Pieces of the State Contemporary Art Collection<\/p>\n<p>Works by A.R. Penk, Ana Cardoso, Ana Manso, Ana P\u00e9rez- Quiroga, Andr\u00e9 Cepeda, Andy Warhol, Armanda Duarte, Bruno Pacheco, Catarina Botelho, Diogo Bolota, Eduardo Matos, Fern\u00e3o Cruz, Francisca Carvalho, Gabriel Abrantes, Gon\u00e7alo Barreiros, Gustavo Sumpta, Helena Almeida, Hugo Canoilas, Jimmie Durham, Jo\u00e3o Fonte Santa, Joaquim Rodrigo, Jorge Queiroz, Jos\u00e9 Luis Neto, Kiluanji Kia Henda, Luis L\u00e1zaro Matos, Maria Jos\u00e9 Oliveira, Mariana Gomes, M\u00e1rio Cezariny, Mattia Denisse, Nikias Skapinakis, On Kawara, Patr\u00edcia Garrido, Pedro A. H. Paix\u00e3o, Pedro Sousa Vieira, Pizz Buin, Renato Ferr\u00e3o, Rui Cal\u00e7ada Bastos, Sara Bich\u00e3o, Susana Gaud\u00eancio, Tiago Alexandre, Tiago Baptista, Vanda Madureira<\/p>\n","protected":false},"excerpt":{"rendered":"<p>Catalog &#8220;DARK SAFARI &#8211; Pieces of the State Contemporary Art Collection Works by A.R. Penk, Ana Cardoso, Ana Manso, Ana P\u00e9rez- Quiroga, Andr\u00e9 Cepeda, Andy Warhol, Armanda Duarte, Bruno Pacheco,&#8230;<\/p>\n","protected":false},"featured_media":32051,"template":"","meta":{"_acf_changed":false},"product_brand":[],"product_cat":[148],"product_tag":[],"class_list":{"0":"post-32053","1":"product","2":"type-product","3":"status-publish","4":"has-post-thumbnail","6":"product_cat-publications","8":"first","9":"instock","10":"taxable","11":"shipping-taxable","12":"purchasable","13":"product-type-simple"},"acf":[],"yoast_head":"<!-- This site is optimized with the Yoast SEO plugin v27.0 - https:\/\/yoast.com\/product\/yoast-seo-wordpress\/ -->\n<title>Catalog Dark Safari - C\u00f4a Parque<\/title>\n<meta name=\"robots\" content=\"index, follow, max-snippet:-1, max-image-preview:large, max-video-preview:-1\" \/>\n<link rel=\"canonical\" href=\"https:\/\/arte-coa.pt\/en\/produto\/photographic-catalogue-coa-douro-mc-copia\/\" \/>\n<meta property=\"og:locale\" content=\"en_US\" \/>\n<meta property=\"og:type\" content=\"article\" \/>\n<meta property=\"og:title\" content=\"Catalog Dark Safari - C\u00f4a Parque\" \/>\n<meta property=\"og:description\" content=\"Catalog &#8220;DARK SAFARI &#8211; Pieces of the State Contemporary Art Collection Works by A.R. Penk, Ana Cardoso, Ana Manso, Ana P\u00e9rez- Quiroga, Andr\u00e9 Cepeda, Andy Warhol, Armanda Duarte, Bruno Pacheco,...\" \/>\n<meta property=\"og:url\" content=\"https:\/\/arte-coa.pt\/en\/produto\/photographic-catalogue-coa-douro-mc-copia\/\" \/>\n<meta property=\"og:site_name\" content=\"C\u00f4a Parque\" \/>\n<meta property=\"article:modified_time\" content=\"2023-05-19T14:47:56+00:00\" \/>\n<meta property=\"og:image\" content=\"https:\/\/arte-coa.pt\/wp-content\/uploads\/2023\/05\/Catalogo-Dark-Safari-.jpeg\" \/>\n\t<meta property=\"og:image:width\" content=\"1024\" \/>\n\t<meta property=\"og:image:height\" content=\"1007\" \/>\n\t<meta property=\"og:image:type\" content=\"image\/jpeg\" \/>\n<meta name=\"twitter:card\" content=\"summary_large_image\" \/>\n<meta name=\"twitter:label1\" content=\"Est. reading time\" \/>\n\t<meta name=\"twitter:data1\" content=\"1 minute\" \/>\n<script type=\"application\/ld+json\" class=\"yoast-schema-graph\">{\"@context\":\"https:\/\/schema.org\",\"@graph\":[{\"@type\":\"WebPage\",\"@id\":\"https:\/\/arte-coa.pt\/en\/produto\/photographic-catalogue-coa-douro-mc-copia\/\",\"url\":\"https:\/\/arte-coa.pt\/en\/produto\/photographic-catalogue-coa-douro-mc-copia\/\",\"name\":\"Catalog Dark Safari - C\u00f4a Parque\",\"isPartOf\":{\"@id\":\"https:\/\/arte-coa.pt\/en\/#website\"},\"primaryImageOfPage\":{\"@id\":\"https:\/\/arte-coa.pt\/en\/produto\/photographic-catalogue-coa-douro-mc-copia\/#primaryimage\"},\"image\":{\"@id\":\"https:\/\/arte-coa.pt\/en\/produto\/photographic-catalogue-coa-douro-mc-copia\/#primaryimage\"},\"thumbnailUrl\":\"https:\/\/arte-coa.pt\/wp-content\/uploads\/2023\/05\/Catalogo-Dark-Safari-.jpeg\",\"datePublished\":\"2023-05-19T13:41:02+00:00\",\"dateModified\":\"2023-05-19T14:47:56+00:00\",\"breadcrumb\":{\"@id\":\"https:\/\/arte-coa.pt\/en\/produto\/photographic-catalogue-coa-douro-mc-copia\/#breadcrumb\"},\"inLanguage\":\"en-US\",\"potentialAction\":[{\"@type\":\"ReadAction\",\"target\":[\"https:\/\/arte-coa.pt\/en\/produto\/photographic-catalogue-coa-douro-mc-copia\/\"]}]},{\"@type\":\"ImageObject\",\"inLanguage\":\"en-US\",\"@id\":\"https:\/\/arte-coa.pt\/en\/produto\/photographic-catalogue-coa-douro-mc-copia\/#primaryimage\",\"url\":\"https:\/\/arte-coa.pt\/wp-content\/uploads\/2023\/05\/Catalogo-Dark-Safari-.jpeg\",\"contentUrl\":\"https:\/\/arte-coa.pt\/wp-content\/uploads\/2023\/05\/Catalogo-Dark-Safari-.jpeg\",\"width\":1024,\"height\":1007},{\"@type\":\"BreadcrumbList\",\"@id\":\"https:\/\/arte-coa.pt\/en\/produto\/photographic-catalogue-coa-douro-mc-copia\/#breadcrumb\",\"itemListElement\":[{\"@type\":\"ListItem\",\"position\":1,\"name\":\"Home\",\"item\":\"https:\/\/arte-coa.pt\/en\/\"},{\"@type\":\"ListItem\",\"position\":2,\"name\":\"Bilheteira | Loja Online\",\"item\":\"https:\/\/arte-coa.pt\/bilheteira-loja-online\/\"},{\"@type\":\"ListItem\",\"position\":3,\"name\":\"Catalog Dark Safari\"}]},{\"@type\":\"WebSite\",\"@id\":\"https:\/\/arte-coa.pt\/en\/#website\",\"url\":\"https:\/\/arte-coa.pt\/en\/\",\"name\":\"C\u00f4a Parque\",\"description\":\"Arte C\u00f4a\",\"potentialAction\":[{\"@type\":\"SearchAction\",\"target\":{\"@type\":\"EntryPoint\",\"urlTemplate\":\"https:\/\/arte-coa.pt\/en\/?s={search_term_string}\"},\"query-input\":{\"@type\":\"PropertyValueSpecification\",\"valueRequired\":true,\"valueName\":\"search_term_string\"}}],\"inLanguage\":\"en-US\"}]}<\/script>\n<!-- \/ Yoast SEO plugin. -->","yoast_head_json":{"title":"Catalog Dark Safari - C\u00f4a Parque","robots":{"index":"index","follow":"follow","max-snippet":"max-snippet:-1","max-image-preview":"max-image-preview:large","max-video-preview":"max-video-preview:-1"},"canonical":"https:\/\/arte-coa.pt\/en\/produto\/photographic-catalogue-coa-douro-mc-copia\/","og_locale":"en_US","og_type":"article","og_title":"Catalog Dark Safari - C\u00f4a Parque","og_description":"Catalog &#8220;DARK SAFARI &#8211; Pieces of the State Contemporary Art Collection Works by A.R. Penk, Ana Cardoso, Ana Manso, Ana P\u00e9rez- Quiroga, Andr\u00e9 Cepeda, Andy Warhol, Armanda Duarte, Bruno Pacheco,...","og_url":"https:\/\/arte-coa.pt\/en\/produto\/photographic-catalogue-coa-douro-mc-copia\/","og_site_name":"C\u00f4a Parque","article_modified_time":"2023-05-19T14:47:56+00:00","og_image":[{"width":1024,"height":1007,"url":"https:\/\/arte-coa.pt\/wp-content\/uploads\/2023\/05\/Catalogo-Dark-Safari-.jpeg","type":"image\/jpeg"}],"twitter_card":"summary_large_image","twitter_misc":{"Est. reading time":"1 minute"},"schema":{"@context":"https:\/\/schema.org","@graph":[{"@type":"WebPage","@id":"https:\/\/arte-coa.pt\/en\/produto\/photographic-catalogue-coa-douro-mc-copia\/","url":"https:\/\/arte-coa.pt\/en\/produto\/photographic-catalogue-coa-douro-mc-copia\/","name":"Catalog Dark Safari - C\u00f4a Parque","isPartOf":{"@id":"https:\/\/arte-coa.pt\/en\/#website"},"primaryImageOfPage":{"@id":"https:\/\/arte-coa.pt\/en\/produto\/photographic-catalogue-coa-douro-mc-copia\/#primaryimage"},"image":{"@id":"https:\/\/arte-coa.pt\/en\/produto\/photographic-catalogue-coa-douro-mc-copia\/#primaryimage"},"thumbnailUrl":"https:\/\/arte-coa.pt\/wp-content\/uploads\/2023\/05\/Catalogo-Dark-Safari-.jpeg","datePublished":"2023-05-19T13:41:02+00:00","dateModified":"2023-05-19T14:47:56+00:00","breadcrumb":{"@id":"https:\/\/arte-coa.pt\/en\/produto\/photographic-catalogue-coa-douro-mc-copia\/#breadcrumb"},"inLanguage":"en-US","potentialAction":[{"@type":"ReadAction","target":["https:\/\/arte-coa.pt\/en\/produto\/photographic-catalogue-coa-douro-mc-copia\/"]}]},{"@type":"ImageObject","inLanguage":"en-US","@id":"https:\/\/arte-coa.pt\/en\/produto\/photographic-catalogue-coa-douro-mc-copia\/#primaryimage","url":"https:\/\/arte-coa.pt\/wp-content\/uploads\/2023\/05\/Catalogo-Dark-Safari-.jpeg","contentUrl":"https:\/\/arte-coa.pt\/wp-content\/uploads\/2023\/05\/Catalogo-Dark-Safari-.jpeg","width":1024,"height":1007},{"@type":"BreadcrumbList","@id":"https:\/\/arte-coa.pt\/en\/produto\/photographic-catalogue-coa-douro-mc-copia\/#breadcrumb","itemListElement":[{"@type":"ListItem","position":1,"name":"Home","item":"https:\/\/arte-coa.pt\/en\/"},{"@type":"ListItem","position":2,"name":"Bilheteira | Loja Online","item":"https:\/\/arte-coa.pt\/bilheteira-loja-online\/"},{"@type":"ListItem","position":3,"name":"Catalog Dark Safari"}]},{"@type":"WebSite","@id":"https:\/\/arte-coa.pt\/en\/#website","url":"https:\/\/arte-coa.pt\/en\/","name":"C\u00f4a Parque","description":"Arte C\u00f4a","potentialAction":[{"@type":"SearchAction","target":{"@type":"EntryPoint","urlTemplate":"https:\/\/arte-coa.pt\/en\/?s={search_term_string}"},"query-input":{"@type":"PropertyValueSpecification","valueRequired":true,"valueName":"search_term_string"}}],"inLanguage":"en-US"}]}},"_links":{"self":[{"href":"https:\/\/arte-coa.pt\/en\/wp-json\/wp\/v2\/product\/32053","targetHints":{"allow":["GET"]}}],"collection":[{"href":"https:\/\/arte-coa.pt\/en\/wp-json\/wp\/v2\/product"}],"about":[{"href":"https:\/\/arte-coa.pt\/en\/wp-json\/wp\/v2\/types\/product"}],"wp:featuredmedia":[{"embeddable":true,"href":"https:\/\/arte-coa.pt\/en\/wp-json\/wp\/v2\/media\/32051"}],"wp:attachment":[{"href":"https:\/\/arte-coa.pt\/en\/wp-json\/wp\/v2\/media?parent=32053"}],"wp:term":[{"taxonomy":"product_brand","embeddable":true,"href":"https:\/\/arte-coa.pt\/en\/wp-json\/wp\/v2\/product_brand?post=32053"},{"taxonomy":"product_cat","embeddable":true,"href":"https:\/\/arte-coa.pt\/en\/wp-json\/wp\/v2\/product_cat?post=32053"},{"taxonomy":"product_tag","embeddable":true,"href":"https:\/\/arte-coa.pt\/en\/wp-json\/wp\/v2\/product_tag?post=32053"}],"curies":[{"name":"wp","href":"https:\/\/api.w.org\/{rel}","templated":true}]}}