{"id":31522,"date":"2023-01-19T13:13:11","date_gmt":"2023-01-19T13:26:02","guid":{"rendered":"https:\/\/arte-coa.pt\/?post_type=product&#038;p=31522"},"modified":"2023-01-19T13:26:31","modified_gmt":"2023-01-19T13:26:31","slug":"photographic-catalogue-coa-douro-mc","status":"publish","type":"product","link":"https:\/\/arte-coa.pt\/en\/produto\/photographic-catalogue-coa-douro-mc\/","title":{"rendered":"Photographic Catalogue &#8220;C\u00f4a &amp; Douro&#8221; &#8211; MC"},"content":{"rendered":"<p>Photographic catalogue of the Coa Valley and Douro (by Duarte Belo, Eg\u00eddio Santos, Jaime Ant\u00f3nio and Virgilio Ferreira).<\/p>\n","protected":false},"excerpt":{"rendered":"<p>Photographic catalogue of the Coa Valley and Douro (by Duarte Belo, Eg\u00eddio Santos, Jaime Ant\u00f3nio and Virgilio Ferreira).<\/p>\n","protected":false},"featured_media":29308,"template":"","meta":{"_acf_changed":false},"product_brand":[],"product_cat":[148,229],"product_tag":[],"class_list":{"0":"post-31522","1":"product","2":"type-product","3":"status-publish","4":"has-post-thumbnail","6":"product_cat-publications","7":"product_cat-highlights","9":"first","10":"instock","11":"taxable","12":"shipping-taxable","13":"purchasable","14":"product-type-simple"},"acf":[],"yoast_head":"<!-- This site is optimized with the Yoast SEO plugin v27.0 - https:\/\/yoast.com\/product\/yoast-seo-wordpress\/ -->\n<title>Photographic Catalogue &quot;C\u00f4a &amp; Douro&quot; - MC - C\u00f4a Parque<\/title>\n<meta name=\"robots\" content=\"index, follow, max-snippet:-1, max-image-preview:large, max-video-preview:-1\" \/>\n<link rel=\"canonical\" href=\"https:\/\/arte-coa.pt\/en\/produto\/photographic-catalogue-coa-douro-mc\/\" \/>\n<meta property=\"og:locale\" content=\"en_US\" \/>\n<meta property=\"og:type\" content=\"article\" \/>\n<meta property=\"og:title\" content=\"Photographic Catalogue &quot;C\u00f4a &amp; Douro&quot; - MC - C\u00f4a Parque\" \/>\n<meta property=\"og:description\" content=\"Photographic catalogue of the Coa Valley and Douro (by Duarte Belo, Eg\u00eddio Santos, Jaime Ant\u00f3nio and Virgilio Ferreira).\" \/>\n<meta property=\"og:url\" content=\"https:\/\/arte-coa.pt\/en\/produto\/photographic-catalogue-coa-douro-mc\/\" \/>\n<meta property=\"og:site_name\" content=\"C\u00f4a Parque\" \/>\n<meta property=\"article:modified_time\" content=\"2023-01-19T13:26:31+00:00\" \/>\n<meta property=\"og:image\" content=\"https:\/\/arte-coa.pt\/wp-content\/uploads\/2021\/11\/POSTER_COADOURO-PROD-1.png\" \/>\n\t<meta property=\"og:image:width\" content=\"2046\" \/>\n\t<meta property=\"og:image:height\" content=\"2046\" \/>\n\t<meta property=\"og:image:type\" content=\"image\/png\" \/>\n<meta name=\"twitter:card\" content=\"summary_large_image\" \/>\n<meta name=\"twitter:label1\" content=\"Est. reading time\" \/>\n\t<meta name=\"twitter:data1\" content=\"1 minute\" \/>\n<script type=\"application\/ld+json\" class=\"yoast-schema-graph\">{\"@context\":\"https:\/\/schema.org\",\"@graph\":[{\"@type\":\"WebPage\",\"@id\":\"https:\/\/arte-coa.pt\/en\/produto\/photographic-catalogue-coa-douro-mc\/\",\"url\":\"https:\/\/arte-coa.pt\/en\/produto\/photographic-catalogue-coa-douro-mc\/\",\"name\":\"Photographic Catalogue \\\"C\u00f4a &amp; Douro\\\" - MC - C\u00f4a Parque\",\"isPartOf\":{\"@id\":\"https:\/\/arte-coa.pt\/en\/#website\"},\"primaryImageOfPage\":{\"@id\":\"https:\/\/arte-coa.pt\/en\/produto\/photographic-catalogue-coa-douro-mc\/#primaryimage\"},\"image\":{\"@id\":\"https:\/\/arte-coa.pt\/en\/produto\/photographic-catalogue-coa-douro-mc\/#primaryimage\"},\"thumbnailUrl\":\"https:\/\/arte-coa.pt\/wp-content\/uploads\/2021\/11\/POSTER_COADOURO-PROD-1.png\",\"datePublished\":\"2023-01-19T13:26:02+00:00\",\"dateModified\":\"2023-01-19T13:26:31+00:00\",\"breadcrumb\":{\"@id\":\"https:\/\/arte-coa.pt\/en\/produto\/photographic-catalogue-coa-douro-mc\/#breadcrumb\"},\"inLanguage\":\"en-US\",\"potentialAction\":[{\"@type\":\"ReadAction\",\"target\":[\"https:\/\/arte-coa.pt\/en\/produto\/photographic-catalogue-coa-douro-mc\/\"]}]},{\"@type\":\"ImageObject\",\"inLanguage\":\"en-US\",\"@id\":\"https:\/\/arte-coa.pt\/en\/produto\/photographic-catalogue-coa-douro-mc\/#primaryimage\",\"url\":\"https:\/\/arte-coa.pt\/wp-content\/uploads\/2021\/11\/POSTER_COADOURO-PROD-1.png\",\"contentUrl\":\"https:\/\/arte-coa.pt\/wp-content\/uploads\/2021\/11\/POSTER_COADOURO-PROD-1.png\",\"width\":2046,\"height\":2046},{\"@type\":\"BreadcrumbList\",\"@id\":\"https:\/\/arte-coa.pt\/en\/produto\/photographic-catalogue-coa-douro-mc\/#breadcrumb\",\"itemListElement\":[{\"@type\":\"ListItem\",\"position\":1,\"name\":\"Home\",\"item\":\"https:\/\/arte-coa.pt\/en\/\"},{\"@type\":\"ListItem\",\"position\":2,\"name\":\"Bilheteira | Loja Online\",\"item\":\"https:\/\/arte-coa.pt\/bilheteira-loja-online\/\"},{\"@type\":\"ListItem\",\"position\":3,\"name\":\"Photographic Catalogue &#8220;C\u00f4a &amp; Douro&#8221; &#8211; MC\"}]},{\"@type\":\"WebSite\",\"@id\":\"https:\/\/arte-coa.pt\/en\/#website\",\"url\":\"https:\/\/arte-coa.pt\/en\/\",\"name\":\"C\u00f4a Parque\",\"description\":\"Arte C\u00f4a\",\"potentialAction\":[{\"@type\":\"SearchAction\",\"target\":{\"@type\":\"EntryPoint\",\"urlTemplate\":\"https:\/\/arte-coa.pt\/en\/?s={search_term_string}\"},\"query-input\":{\"@type\":\"PropertyValueSpecification\",\"valueRequired\":true,\"valueName\":\"search_term_string\"}}],\"inLanguage\":\"en-US\"}]}<\/script>\n<!-- \/ Yoast SEO plugin. -->","yoast_head_json":{"title":"Photographic Catalogue \"C\u00f4a &amp; Douro\" - MC - C\u00f4a Parque","robots":{"index":"index","follow":"follow","max-snippet":"max-snippet:-1","max-image-preview":"max-image-preview:large","max-video-preview":"max-video-preview:-1"},"canonical":"https:\/\/arte-coa.pt\/en\/produto\/photographic-catalogue-coa-douro-mc\/","og_locale":"en_US","og_type":"article","og_title":"Photographic Catalogue \"C\u00f4a &amp; Douro\" - MC - C\u00f4a Parque","og_description":"Photographic catalogue of the Coa Valley and Douro (by Duarte Belo, Eg\u00eddio Santos, Jaime Ant\u00f3nio and Virgilio Ferreira).","og_url":"https:\/\/arte-coa.pt\/en\/produto\/photographic-catalogue-coa-douro-mc\/","og_site_name":"C\u00f4a Parque","article_modified_time":"2023-01-19T13:26:31+00:00","og_image":[{"width":2046,"height":2046,"url":"https:\/\/arte-coa.pt\/wp-content\/uploads\/2021\/11\/POSTER_COADOURO-PROD-1.png","type":"image\/png"}],"twitter_card":"summary_large_image","twitter_misc":{"Est. reading time":"1 minute"},"schema":{"@context":"https:\/\/schema.org","@graph":[{"@type":"WebPage","@id":"https:\/\/arte-coa.pt\/en\/produto\/photographic-catalogue-coa-douro-mc\/","url":"https:\/\/arte-coa.pt\/en\/produto\/photographic-catalogue-coa-douro-mc\/","name":"Photographic Catalogue \"C\u00f4a &amp; Douro\" - MC - C\u00f4a Parque","isPartOf":{"@id":"https:\/\/arte-coa.pt\/en\/#website"},"primaryImageOfPage":{"@id":"https:\/\/arte-coa.pt\/en\/produto\/photographic-catalogue-coa-douro-mc\/#primaryimage"},"image":{"@id":"https:\/\/arte-coa.pt\/en\/produto\/photographic-catalogue-coa-douro-mc\/#primaryimage"},"thumbnailUrl":"https:\/\/arte-coa.pt\/wp-content\/uploads\/2021\/11\/POSTER_COADOURO-PROD-1.png","datePublished":"2023-01-19T13:26:02+00:00","dateModified":"2023-01-19T13:26:31+00:00","breadcrumb":{"@id":"https:\/\/arte-coa.pt\/en\/produto\/photographic-catalogue-coa-douro-mc\/#breadcrumb"},"inLanguage":"en-US","potentialAction":[{"@type":"ReadAction","target":["https:\/\/arte-coa.pt\/en\/produto\/photographic-catalogue-coa-douro-mc\/"]}]},{"@type":"ImageObject","inLanguage":"en-US","@id":"https:\/\/arte-coa.pt\/en\/produto\/photographic-catalogue-coa-douro-mc\/#primaryimage","url":"https:\/\/arte-coa.pt\/wp-content\/uploads\/2021\/11\/POSTER_COADOURO-PROD-1.png","contentUrl":"https:\/\/arte-coa.pt\/wp-content\/uploads\/2021\/11\/POSTER_COADOURO-PROD-1.png","width":2046,"height":2046},{"@type":"BreadcrumbList","@id":"https:\/\/arte-coa.pt\/en\/produto\/photographic-catalogue-coa-douro-mc\/#breadcrumb","itemListElement":[{"@type":"ListItem","position":1,"name":"Home","item":"https:\/\/arte-coa.pt\/en\/"},{"@type":"ListItem","position":2,"name":"Bilheteira | Loja Online","item":"https:\/\/arte-coa.pt\/bilheteira-loja-online\/"},{"@type":"ListItem","position":3,"name":"Photographic Catalogue &#8220;C\u00f4a &amp; Douro&#8221; &#8211; MC"}]},{"@type":"WebSite","@id":"https:\/\/arte-coa.pt\/en\/#website","url":"https:\/\/arte-coa.pt\/en\/","name":"C\u00f4a Parque","description":"Arte C\u00f4a","potentialAction":[{"@type":"SearchAction","target":{"@type":"EntryPoint","urlTemplate":"https:\/\/arte-coa.pt\/en\/?s={search_term_string}"},"query-input":{"@type":"PropertyValueSpecification","valueRequired":true,"valueName":"search_term_string"}}],"inLanguage":"en-US"}]}},"_links":{"self":[{"href":"https:\/\/arte-coa.pt\/en\/wp-json\/wp\/v2\/product\/31522","targetHints":{"allow":["GET"]}}],"collection":[{"href":"https:\/\/arte-coa.pt\/en\/wp-json\/wp\/v2\/product"}],"about":[{"href":"https:\/\/arte-coa.pt\/en\/wp-json\/wp\/v2\/types\/product"}],"wp:featuredmedia":[{"embeddable":true,"href":"https:\/\/arte-coa.pt\/en\/wp-json\/wp\/v2\/media\/29308"}],"wp:attachment":[{"href":"https:\/\/arte-coa.pt\/en\/wp-json\/wp\/v2\/media?parent=31522"}],"wp:term":[{"taxonomy":"product_brand","embeddable":true,"href":"https:\/\/arte-coa.pt\/en\/wp-json\/wp\/v2\/product_brand?post=31522"},{"taxonomy":"product_cat","embeddable":true,"href":"https:\/\/arte-coa.pt\/en\/wp-json\/wp\/v2\/product_cat?post=31522"},{"taxonomy":"product_tag","embeddable":true,"href":"https:\/\/arte-coa.pt\/en\/wp-json\/wp\/v2\/product_tag?post=31522"}],"curies":[{"name":"wp","href":"https:\/\/api.w.org\/{rel}","templated":true}]}}