{"id":27733,"date":"2020-12-22T19:02:52","date_gmt":"2020-12-22T19:02:52","guid":{"rendered":"https:\/\/arte-coa.pt\/?post_type=product&#038;p=27733"},"modified":"2024-04-30T17:02:42","modified_gmt":"2024-04-30T17:02:42","slug":"ribeira-de-piscos-quinta-de-ervamoira","status":"publish","type":"product","link":"https:\/\/arte-coa.pt\/en\/produto\/ribeira-de-piscos-quinta-de-ervamoira\/","title":{"rendered":"Ribeira de Piscos + Quinta de Ervamoira"},"content":{"rendered":"","protected":false},"excerpt":{"rendered":"<p>It is in Quinta de Ervamoira, located in the Douro Superior area, in the C\u00f4a Valley, between the villages of Muxagata and Ch\u00e3s, that Ramos Pinto continues its association with the arts and engaging in the encounter of cultures.<\/p>\n<p>The estate possesses a Site Museum, inaugurated in 1997. The Quinta is located in the heart of the C\u00f4a Valley Archaeological Park, classified by Unesco as a World Heritage Site. This is also a model estate since it was the first and is the only with vines vertically planted.<\/p>\n<p>Ribeira de Piscos + Quinta de Ervamoira<br \/>\n65\u20ac (adult)<br \/>\n35\u20ac (children under 12 years of age)<\/p>\n<p>Ribeira de Piscos + Quinta de Ervamoira with Lunch<br \/>\n98\u20ac (adult)<br \/>\n50\u20ac (children under 12 years of age)<\/p>\n\n<div class=\"wpcf7 no-js\" id=\"wpcf7-f27769-o1\" lang=\"pt-PT\" dir=\"ltr\" data-wpcf7-id=\"27769\">\n<div class=\"screen-reader-response\"><p role=\"status\" aria-live=\"polite\" aria-atomic=\"true\"><\/p> <ul><\/ul><\/div>\n<form action=\"\/en\/wp-json\/wp\/v2\/product\/27733#wpcf7-f27769-o1\" method=\"post\" class=\"wpcf7-form init\" aria-label=\"Formul\u00e1rio de contacto\" novalidate=\"novalidate\" data-status=\"init\">\n<fieldset class=\"hidden-fields-container\"><input type=\"hidden\" name=\"_wpcf7\" value=\"27769\" \/><input type=\"hidden\" name=\"_wpcf7_version\" value=\"6.1.5\" \/><input type=\"hidden\" name=\"_wpcf7_locale\" value=\"pt_PT\" \/><input type=\"hidden\" name=\"_wpcf7_unit_tag\" value=\"wpcf7-f27769-o1\" \/><input type=\"hidden\" name=\"_wpcf7_container_post\" value=\"0\" \/><input type=\"hidden\" name=\"_wpcf7_posted_data_hash\" value=\"\" \/>\n<\/fieldset>\n<p>Given the limits in daily visits and to ensure the best experience in your visit to the C\u00f4a Valley, we recommend you to make a reservation through the following numbers: <a href=\"+351279768260\">+351 279 768 260<\/a> \/ <a href=\"+351965778799\">+351 965 778 799<\/a> or filing out the reservation form below.\n<\/p>\n<p>In the reservation form, you must mention the desired date for your visit, the place to visit, the number of people and your contacts.\n<\/p>\n<div class=\"cmsmasters-form-builder\">\n\t<div class=\"form_info one_first\">\n\t\t<p><label> Name* <\/label><span class=\"wpcf7-form-control-wrap\" data-name=\"your-name\"><input size=\"40\" maxlength=\"400\" class=\"wpcf7-form-control wpcf7-text wpcf7-validates-as-required\" aria-required=\"true\" aria-invalid=\"false\" value=\"\" type=\"text\" name=\"your-name\" \/><\/span>\n\t\t<\/p>\n\t<\/div>\n\t<div class=\"form_info one_half\">\n\t\t<p><label> Email* <\/label><span class=\"wpcf7-form-control-wrap\" data-name=\"your-email\"><input size=\"40\" maxlength=\"400\" class=\"wpcf7-form-control wpcf7-email wpcf7-validates-as-required wpcf7-text wpcf7-validates-as-email\" aria-required=\"true\" aria-invalid=\"false\" value=\"\" type=\"email\" name=\"your-email\" \/><\/span>\n\t\t<\/p>\n\t<\/div>\n\t<div class=\"form_info one_half\">\n\t\t<p><label> Phone* <\/label><span class=\"wpcf7-form-control-wrap\" data-name=\"your-phone\"><input size=\"40\" maxlength=\"400\" class=\"wpcf7-form-control wpcf7-text wpcf7-validates-as-required\" aria-required=\"true\" aria-invalid=\"false\" value=\"\" type=\"text\" name=\"your-phone\" \/><\/span>\n\t\t<\/p>\n\t<\/div>\n\t<div class=\"form_info one_first\">\n\t\t<p><label> Message* <\/label><span class=\"wpcf7-form-control-wrap\" data-name=\"your-message\"><textarea cols=\"40\" rows=\"6\" maxlength=\"2000\" class=\"wpcf7-form-control wpcf7-textarea wpcf7-validates-as-required\" aria-required=\"true\" aria-invalid=\"false\" name=\"your-message\"><\/textarea><\/span>\n\t\t<\/p>\n\t<\/div>\n\t<div class=\"form_info one_first\">\n\t\t<p><input class=\"wpcf7-form-control wpcf7-submit has-spinner\" type=\"submit\" value=\"Send\" \/>\n\t\t<\/p>\n\t<\/div>\n<\/div><div class=\"wpcf7-response-output\" aria-hidden=\"true\"><\/div>\n<\/form>\n<\/div>\n\n","protected":false},"featured_media":27711,"template":"","meta":{"_acf_changed":false},"product_brand":[],"product_cat":[249],"product_tag":[],"class_list":{"0":"post-27733","1":"product","2":"type-product","3":"status-publish","4":"has-post-thumbnail","6":"product_cat-combined-visits","8":"first","9":"instock","10":"virtual","11":"product-type-simple"},"acf":[],"yoast_head":"<!-- This site is optimized with the Yoast SEO plugin v27.0 - https:\/\/yoast.com\/product\/yoast-seo-wordpress\/ -->\n<title>Ribeira de Piscos + Quinta de Ervamoira - C\u00f4a Parque<\/title>\n<meta name=\"robots\" content=\"index, follow, max-snippet:-1, max-image-preview:large, max-video-preview:-1\" \/>\n<link rel=\"canonical\" href=\"https:\/\/arte-coa.pt\/en\/produto\/ribeira-de-piscos-quinta-de-ervamoira\/\" \/>\n<meta property=\"og:locale\" content=\"en_US\" \/>\n<meta property=\"og:type\" content=\"article\" \/>\n<meta property=\"og:title\" content=\"Ribeira de Piscos + Quinta de Ervamoira - C\u00f4a Parque\" \/>\n<meta property=\"og:description\" content=\"It is in Quinta de Ervamoira, located in the Douro Superior area, in the C\u00f4a Valley, between the villages of Muxagata and Ch\u00e3s, that Ramos Pinto continues its association with the arts and engaging in the encounter of cultures.  The estate possesses a Site Museum, inaugurated in 1997. The Quinta is located in the heart of the C\u00f4a Valley Archaeological Park, classified by Unesco as a World Heritage Site. This is also a model estate since it was the first and is the only with vines vertically planted.  Ribeira de Piscos + Quinta de Ervamoira 65\u20ac (adult) 35\u20ac (children under 12 years of age)  Ribeira de Piscos + Quinta de Ervamoira with Lunch 98\u20ac (adult) 50\u20ac (children under 12 years of age)\" \/>\n<meta property=\"og:url\" content=\"https:\/\/arte-coa.pt\/en\/produto\/ribeira-de-piscos-quinta-de-ervamoira\/\" \/>\n<meta property=\"og:site_name\" content=\"C\u00f4a Parque\" \/>\n<meta property=\"article:modified_time\" content=\"2024-04-30T17:02:42+00:00\" \/>\n<meta property=\"og:image\" content=\"https:\/\/arte-coa.pt\/wp-content\/uploads\/2020\/12\/Bilhete_Combinada_Ervamoira_EN.jpg\" \/>\n\t<meta property=\"og:image:width\" content=\"1200\" \/>\n\t<meta property=\"og:image:height\" content=\"802\" \/>\n\t<meta property=\"og:image:type\" content=\"image\/jpeg\" \/>\n<meta name=\"twitter:card\" content=\"summary_large_image\" \/>\n<meta name=\"twitter:label1\" content=\"Est. reading time\" \/>\n\t<meta name=\"twitter:data1\" content=\"1 minute\" \/>\n<script type=\"application\/ld+json\" class=\"yoast-schema-graph\">{\"@context\":\"https:\/\/schema.org\",\"@graph\":[{\"@type\":\"WebPage\",\"@id\":\"https:\/\/arte-coa.pt\/en\/produto\/ribeira-de-piscos-quinta-de-ervamoira\/\",\"url\":\"https:\/\/arte-coa.pt\/en\/produto\/ribeira-de-piscos-quinta-de-ervamoira\/\",\"name\":\"Ribeira de Piscos + Quinta de Ervamoira - C\u00f4a Parque\",\"isPartOf\":{\"@id\":\"https:\/\/arte-coa.pt\/en\/#website\"},\"primaryImageOfPage\":{\"@id\":\"https:\/\/arte-coa.pt\/en\/produto\/ribeira-de-piscos-quinta-de-ervamoira\/#primaryimage\"},\"image\":{\"@id\":\"https:\/\/arte-coa.pt\/en\/produto\/ribeira-de-piscos-quinta-de-ervamoira\/#primaryimage\"},\"thumbnailUrl\":\"https:\/\/arte-coa.pt\/wp-content\/uploads\/2020\/12\/Bilhete_Combinada_Ervamoira_EN.jpg\",\"datePublished\":\"2020-12-22T19:02:52+00:00\",\"dateModified\":\"2024-04-30T17:02:42+00:00\",\"breadcrumb\":{\"@id\":\"https:\/\/arte-coa.pt\/en\/produto\/ribeira-de-piscos-quinta-de-ervamoira\/#breadcrumb\"},\"inLanguage\":\"en-US\",\"potentialAction\":[{\"@type\":\"ReadAction\",\"target\":[\"https:\/\/arte-coa.pt\/en\/produto\/ribeira-de-piscos-quinta-de-ervamoira\/\"]}]},{\"@type\":\"ImageObject\",\"inLanguage\":\"en-US\",\"@id\":\"https:\/\/arte-coa.pt\/en\/produto\/ribeira-de-piscos-quinta-de-ervamoira\/#primaryimage\",\"url\":\"https:\/\/arte-coa.pt\/wp-content\/uploads\/2020\/12\/Bilhete_Combinada_Ervamoira_EN.jpg\",\"contentUrl\":\"https:\/\/arte-coa.pt\/wp-content\/uploads\/2020\/12\/Bilhete_Combinada_Ervamoira_EN.jpg\",\"width\":1200,\"height\":802},{\"@type\":\"BreadcrumbList\",\"@id\":\"https:\/\/arte-coa.pt\/en\/produto\/ribeira-de-piscos-quinta-de-ervamoira\/#breadcrumb\",\"itemListElement\":[{\"@type\":\"ListItem\",\"position\":1,\"name\":\"Home\",\"item\":\"https:\/\/arte-coa.pt\/en\/\"},{\"@type\":\"ListItem\",\"position\":2,\"name\":\"Bilheteira | Loja Online\",\"item\":\"https:\/\/arte-coa.pt\/bilheteira-loja-online\/\"},{\"@type\":\"ListItem\",\"position\":3,\"name\":\"Ribeira de Piscos + Quinta de Ervamoira\"}]},{\"@type\":\"WebSite\",\"@id\":\"https:\/\/arte-coa.pt\/en\/#website\",\"url\":\"https:\/\/arte-coa.pt\/en\/\",\"name\":\"C\u00f4a Parque\",\"description\":\"Arte C\u00f4a\",\"potentialAction\":[{\"@type\":\"SearchAction\",\"target\":{\"@type\":\"EntryPoint\",\"urlTemplate\":\"https:\/\/arte-coa.pt\/en\/?s={search_term_string}\"},\"query-input\":{\"@type\":\"PropertyValueSpecification\",\"valueRequired\":true,\"valueName\":\"search_term_string\"}}],\"inLanguage\":\"en-US\"}]}<\/script>\n<!-- \/ Yoast SEO plugin. -->","yoast_head_json":{"title":"Ribeira de Piscos + Quinta de Ervamoira - C\u00f4a Parque","robots":{"index":"index","follow":"follow","max-snippet":"max-snippet:-1","max-image-preview":"max-image-preview:large","max-video-preview":"max-video-preview:-1"},"canonical":"https:\/\/arte-coa.pt\/en\/produto\/ribeira-de-piscos-quinta-de-ervamoira\/","og_locale":"en_US","og_type":"article","og_title":"Ribeira de Piscos + Quinta de Ervamoira - C\u00f4a Parque","og_description":"It is in Quinta de Ervamoira, located in the Douro Superior area, in the C\u00f4a Valley, between the villages of Muxagata and Ch\u00e3s, that Ramos Pinto continues its association with the arts and engaging in the encounter of cultures.  The estate possesses a Site Museum, inaugurated in 1997. The Quinta is located in the heart of the C\u00f4a Valley Archaeological Park, classified by Unesco as a World Heritage Site. This is also a model estate since it was the first and is the only with vines vertically planted.  Ribeira de Piscos + Quinta de Ervamoira 65\u20ac (adult) 35\u20ac (children under 12 years of age)  Ribeira de Piscos + Quinta de Ervamoira with Lunch 98\u20ac (adult) 50\u20ac (children under 12 years of age)","og_url":"https:\/\/arte-coa.pt\/en\/produto\/ribeira-de-piscos-quinta-de-ervamoira\/","og_site_name":"C\u00f4a Parque","article_modified_time":"2024-04-30T17:02:42+00:00","og_image":[{"width":1200,"height":802,"url":"https:\/\/arte-coa.pt\/wp-content\/uploads\/2020\/12\/Bilhete_Combinada_Ervamoira_EN.jpg","type":"image\/jpeg"}],"twitter_card":"summary_large_image","twitter_misc":{"Est. reading time":"1 minute"},"schema":{"@context":"https:\/\/schema.org","@graph":[{"@type":"WebPage","@id":"https:\/\/arte-coa.pt\/en\/produto\/ribeira-de-piscos-quinta-de-ervamoira\/","url":"https:\/\/arte-coa.pt\/en\/produto\/ribeira-de-piscos-quinta-de-ervamoira\/","name":"Ribeira de Piscos + Quinta de Ervamoira - C\u00f4a Parque","isPartOf":{"@id":"https:\/\/arte-coa.pt\/en\/#website"},"primaryImageOfPage":{"@id":"https:\/\/arte-coa.pt\/en\/produto\/ribeira-de-piscos-quinta-de-ervamoira\/#primaryimage"},"image":{"@id":"https:\/\/arte-coa.pt\/en\/produto\/ribeira-de-piscos-quinta-de-ervamoira\/#primaryimage"},"thumbnailUrl":"https:\/\/arte-coa.pt\/wp-content\/uploads\/2020\/12\/Bilhete_Combinada_Ervamoira_EN.jpg","datePublished":"2020-12-22T19:02:52+00:00","dateModified":"2024-04-30T17:02:42+00:00","breadcrumb":{"@id":"https:\/\/arte-coa.pt\/en\/produto\/ribeira-de-piscos-quinta-de-ervamoira\/#breadcrumb"},"inLanguage":"en-US","potentialAction":[{"@type":"ReadAction","target":["https:\/\/arte-coa.pt\/en\/produto\/ribeira-de-piscos-quinta-de-ervamoira\/"]}]},{"@type":"ImageObject","inLanguage":"en-US","@id":"https:\/\/arte-coa.pt\/en\/produto\/ribeira-de-piscos-quinta-de-ervamoira\/#primaryimage","url":"https:\/\/arte-coa.pt\/wp-content\/uploads\/2020\/12\/Bilhete_Combinada_Ervamoira_EN.jpg","contentUrl":"https:\/\/arte-coa.pt\/wp-content\/uploads\/2020\/12\/Bilhete_Combinada_Ervamoira_EN.jpg","width":1200,"height":802},{"@type":"BreadcrumbList","@id":"https:\/\/arte-coa.pt\/en\/produto\/ribeira-de-piscos-quinta-de-ervamoira\/#breadcrumb","itemListElement":[{"@type":"ListItem","position":1,"name":"Home","item":"https:\/\/arte-coa.pt\/en\/"},{"@type":"ListItem","position":2,"name":"Bilheteira | Loja Online","item":"https:\/\/arte-coa.pt\/bilheteira-loja-online\/"},{"@type":"ListItem","position":3,"name":"Ribeira de Piscos + Quinta de Ervamoira"}]},{"@type":"WebSite","@id":"https:\/\/arte-coa.pt\/en\/#website","url":"https:\/\/arte-coa.pt\/en\/","name":"C\u00f4a Parque","description":"Arte C\u00f4a","potentialAction":[{"@type":"SearchAction","target":{"@type":"EntryPoint","urlTemplate":"https:\/\/arte-coa.pt\/en\/?s={search_term_string}"},"query-input":{"@type":"PropertyValueSpecification","valueRequired":true,"valueName":"search_term_string"}}],"inLanguage":"en-US"}]}},"_links":{"self":[{"href":"https:\/\/arte-coa.pt\/en\/wp-json\/wp\/v2\/product\/27733","targetHints":{"allow":["GET"]}}],"collection":[{"href":"https:\/\/arte-coa.pt\/en\/wp-json\/wp\/v2\/product"}],"about":[{"href":"https:\/\/arte-coa.pt\/en\/wp-json\/wp\/v2\/types\/product"}],"wp:featuredmedia":[{"embeddable":true,"href":"https:\/\/arte-coa.pt\/en\/wp-json\/wp\/v2\/media\/27711"}],"wp:attachment":[{"href":"https:\/\/arte-coa.pt\/en\/wp-json\/wp\/v2\/media?parent=27733"}],"wp:term":[{"taxonomy":"product_brand","embeddable":true,"href":"https:\/\/arte-coa.pt\/en\/wp-json\/wp\/v2\/product_brand?post=27733"},{"taxonomy":"product_cat","embeddable":true,"href":"https:\/\/arte-coa.pt\/en\/wp-json\/wp\/v2\/product_cat?post=27733"},{"taxonomy":"product_tag","embeddable":true,"href":"https:\/\/arte-coa.pt\/en\/wp-json\/wp\/v2\/product_tag?post=27733"}],"curies":[{"name":"wp","href":"https:\/\/api.w.org\/{rel}","templated":true}]}}