{"id":26025,"date":"2019-01-04T19:42:17","date_gmt":"2020-07-28T14:43:10","guid":{"rendered":"https:\/\/arte-coa.pt\/?post_type=product&#038;p=26025"},"modified":"2024-05-28T17:04:31","modified_gmt":"2024-05-28T17:04:31","slug":"foz-coa","status":"publish","type":"product","link":"https:\/\/arte-coa.pt\/en\/produto\/foz-coa\/","title":{"rendered":"Foz C\u00f4a"},"content":{"rendered":"","protected":false},"excerpt":{"rendered":"<p>\nBook with Photographies of Jo\u00e3o Paulo Sotto Mayor and Text by Bernardo Pinto de Almeida on the C\u00f4a Valley in English, French and Portuguese.<br \/>\n<strong>Author:<\/strong> Jo\u00e3o Paulo Sotto Mayor<br \/>\n<strong>Text:<\/strong> Jo\u00e3o Paulo Sotto Mayor<\/p>\n","protected":false},"featured_media":21418,"template":"","meta":{"_acf_changed":false},"product_brand":[],"product_cat":[231,148,229],"product_tag":[],"class_list":{"0":"post-26025","1":"product","2":"type-product","3":"status-publish","4":"has-post-thumbnail","6":"product_cat-online-store","7":"product_cat-publications","8":"product_cat-highlights","10":"first","11":"instock","12":"taxable","13":"shipping-taxable","14":"purchasable","15":"product-type-simple"},"acf":[],"yoast_head":"<!-- This site is optimized with the Yoast SEO plugin v27.0 - https:\/\/yoast.com\/product\/yoast-seo-wordpress\/ -->\n<title>Foz C\u00f4a - C\u00f4a Parque<\/title>\n<meta name=\"robots\" content=\"index, follow, max-snippet:-1, max-image-preview:large, max-video-preview:-1\" \/>\n<link rel=\"canonical\" href=\"https:\/\/arte-coa.pt\/en\/produto\/foz-coa\/\" \/>\n<meta property=\"og:locale\" content=\"en_US\" \/>\n<meta property=\"og:type\" content=\"article\" \/>\n<meta property=\"og:title\" content=\"Foz C\u00f4a - C\u00f4a Parque\" \/>\n<meta property=\"og:description\" content=\"Book with Photographies of Jo\u00e3o Paulo Sotto Mayor and Text by Bernardo Pinto de Almeida on the C\u00f4a Valley in English, French and Portuguese. Author: Jo\u00e3o Paulo Sotto Mayor Text: Jo\u00e3o Paulo Sotto Mayor\" \/>\n<meta property=\"og:url\" content=\"https:\/\/arte-coa.pt\/en\/produto\/foz-coa\/\" \/>\n<meta property=\"og:site_name\" content=\"C\u00f4a Parque\" \/>\n<meta property=\"article:modified_time\" content=\"2024-05-28T17:04:31+00:00\" \/>\n<meta property=\"og:image\" content=\"https:\/\/arte-coa.pt\/wp-content\/uploads\/2018\/12\/COA_LOJA__0001_Foz_coa.jpg\" \/>\n\t<meta property=\"og:image:width\" content=\"1000\" \/>\n\t<meta property=\"og:image:height\" content=\"1000\" \/>\n\t<meta property=\"og:image:type\" content=\"image\/jpeg\" \/>\n<meta name=\"twitter:card\" content=\"summary_large_image\" \/>\n<script type=\"application\/ld+json\" class=\"yoast-schema-graph\">{\"@context\":\"https:\/\/schema.org\",\"@graph\":[{\"@type\":\"WebPage\",\"@id\":\"https:\/\/arte-coa.pt\/en\/produto\/foz-coa\/\",\"url\":\"https:\/\/arte-coa.pt\/en\/produto\/foz-coa\/\",\"name\":\"Foz C\u00f4a - C\u00f4a Parque\",\"isPartOf\":{\"@id\":\"https:\/\/arte-coa.pt\/en\/#website\"},\"primaryImageOfPage\":{\"@id\":\"https:\/\/arte-coa.pt\/en\/produto\/foz-coa\/#primaryimage\"},\"image\":{\"@id\":\"https:\/\/arte-coa.pt\/en\/produto\/foz-coa\/#primaryimage\"},\"thumbnailUrl\":\"https:\/\/arte-coa.pt\/wp-content\/uploads\/2018\/12\/COA_LOJA__0001_Foz_coa.jpg\",\"datePublished\":\"2020-07-28T14:43:10+00:00\",\"dateModified\":\"2024-05-28T17:04:31+00:00\",\"breadcrumb\":{\"@id\":\"https:\/\/arte-coa.pt\/en\/produto\/foz-coa\/#breadcrumb\"},\"inLanguage\":\"en-US\",\"potentialAction\":[{\"@type\":\"ReadAction\",\"target\":[\"https:\/\/arte-coa.pt\/en\/produto\/foz-coa\/\"]}]},{\"@type\":\"ImageObject\",\"inLanguage\":\"en-US\",\"@id\":\"https:\/\/arte-coa.pt\/en\/produto\/foz-coa\/#primaryimage\",\"url\":\"https:\/\/arte-coa.pt\/wp-content\/uploads\/2018\/12\/COA_LOJA__0001_Foz_coa.jpg\",\"contentUrl\":\"https:\/\/arte-coa.pt\/wp-content\/uploads\/2018\/12\/COA_LOJA__0001_Foz_coa.jpg\",\"width\":1000,\"height\":1000,\"caption\":\"Foz-C\u00f4a\"},{\"@type\":\"BreadcrumbList\",\"@id\":\"https:\/\/arte-coa.pt\/en\/produto\/foz-coa\/#breadcrumb\",\"itemListElement\":[{\"@type\":\"ListItem\",\"position\":1,\"name\":\"Home\",\"item\":\"https:\/\/arte-coa.pt\/en\/\"},{\"@type\":\"ListItem\",\"position\":2,\"name\":\"Bilheteira | Loja Online\",\"item\":\"https:\/\/arte-coa.pt\/bilheteira-loja-online\/\"},{\"@type\":\"ListItem\",\"position\":3,\"name\":\"Foz C\u00f4a\"}]},{\"@type\":\"WebSite\",\"@id\":\"https:\/\/arte-coa.pt\/en\/#website\",\"url\":\"https:\/\/arte-coa.pt\/en\/\",\"name\":\"C\u00f4a Parque\",\"description\":\"Arte C\u00f4a\",\"potentialAction\":[{\"@type\":\"SearchAction\",\"target\":{\"@type\":\"EntryPoint\",\"urlTemplate\":\"https:\/\/arte-coa.pt\/en\/?s={search_term_string}\"},\"query-input\":{\"@type\":\"PropertyValueSpecification\",\"valueRequired\":true,\"valueName\":\"search_term_string\"}}],\"inLanguage\":\"en-US\"}]}<\/script>\n<!-- \/ Yoast SEO plugin. -->","yoast_head_json":{"title":"Foz C\u00f4a - C\u00f4a Parque","robots":{"index":"index","follow":"follow","max-snippet":"max-snippet:-1","max-image-preview":"max-image-preview:large","max-video-preview":"max-video-preview:-1"},"canonical":"https:\/\/arte-coa.pt\/en\/produto\/foz-coa\/","og_locale":"en_US","og_type":"article","og_title":"Foz C\u00f4a - C\u00f4a Parque","og_description":"Book with Photographies of Jo\u00e3o Paulo Sotto Mayor and Text by Bernardo Pinto de Almeida on the C\u00f4a Valley in English, French and Portuguese. Author: Jo\u00e3o Paulo Sotto Mayor Text: Jo\u00e3o Paulo Sotto Mayor","og_url":"https:\/\/arte-coa.pt\/en\/produto\/foz-coa\/","og_site_name":"C\u00f4a Parque","article_modified_time":"2024-05-28T17:04:31+00:00","og_image":[{"width":1000,"height":1000,"url":"https:\/\/arte-coa.pt\/wp-content\/uploads\/2018\/12\/COA_LOJA__0001_Foz_coa.jpg","type":"image\/jpeg"}],"twitter_card":"summary_large_image","schema":{"@context":"https:\/\/schema.org","@graph":[{"@type":"WebPage","@id":"https:\/\/arte-coa.pt\/en\/produto\/foz-coa\/","url":"https:\/\/arte-coa.pt\/en\/produto\/foz-coa\/","name":"Foz C\u00f4a - C\u00f4a Parque","isPartOf":{"@id":"https:\/\/arte-coa.pt\/en\/#website"},"primaryImageOfPage":{"@id":"https:\/\/arte-coa.pt\/en\/produto\/foz-coa\/#primaryimage"},"image":{"@id":"https:\/\/arte-coa.pt\/en\/produto\/foz-coa\/#primaryimage"},"thumbnailUrl":"https:\/\/arte-coa.pt\/wp-content\/uploads\/2018\/12\/COA_LOJA__0001_Foz_coa.jpg","datePublished":"2020-07-28T14:43:10+00:00","dateModified":"2024-05-28T17:04:31+00:00","breadcrumb":{"@id":"https:\/\/arte-coa.pt\/en\/produto\/foz-coa\/#breadcrumb"},"inLanguage":"en-US","potentialAction":[{"@type":"ReadAction","target":["https:\/\/arte-coa.pt\/en\/produto\/foz-coa\/"]}]},{"@type":"ImageObject","inLanguage":"en-US","@id":"https:\/\/arte-coa.pt\/en\/produto\/foz-coa\/#primaryimage","url":"https:\/\/arte-coa.pt\/wp-content\/uploads\/2018\/12\/COA_LOJA__0001_Foz_coa.jpg","contentUrl":"https:\/\/arte-coa.pt\/wp-content\/uploads\/2018\/12\/COA_LOJA__0001_Foz_coa.jpg","width":1000,"height":1000,"caption":"Foz-C\u00f4a"},{"@type":"BreadcrumbList","@id":"https:\/\/arte-coa.pt\/en\/produto\/foz-coa\/#breadcrumb","itemListElement":[{"@type":"ListItem","position":1,"name":"Home","item":"https:\/\/arte-coa.pt\/en\/"},{"@type":"ListItem","position":2,"name":"Bilheteira | Loja Online","item":"https:\/\/arte-coa.pt\/bilheteira-loja-online\/"},{"@type":"ListItem","position":3,"name":"Foz C\u00f4a"}]},{"@type":"WebSite","@id":"https:\/\/arte-coa.pt\/en\/#website","url":"https:\/\/arte-coa.pt\/en\/","name":"C\u00f4a Parque","description":"Arte C\u00f4a","potentialAction":[{"@type":"SearchAction","target":{"@type":"EntryPoint","urlTemplate":"https:\/\/arte-coa.pt\/en\/?s={search_term_string}"},"query-input":{"@type":"PropertyValueSpecification","valueRequired":true,"valueName":"search_term_string"}}],"inLanguage":"en-US"}]}},"_links":{"self":[{"href":"https:\/\/arte-coa.pt\/en\/wp-json\/wp\/v2\/product\/26025","targetHints":{"allow":["GET"]}}],"collection":[{"href":"https:\/\/arte-coa.pt\/en\/wp-json\/wp\/v2\/product"}],"about":[{"href":"https:\/\/arte-coa.pt\/en\/wp-json\/wp\/v2\/types\/product"}],"wp:featuredmedia":[{"embeddable":true,"href":"https:\/\/arte-coa.pt\/en\/wp-json\/wp\/v2\/media\/21418"}],"wp:attachment":[{"href":"https:\/\/arte-coa.pt\/en\/wp-json\/wp\/v2\/media?parent=26025"}],"wp:term":[{"taxonomy":"product_brand","embeddable":true,"href":"https:\/\/arte-coa.pt\/en\/wp-json\/wp\/v2\/product_brand?post=26025"},{"taxonomy":"product_cat","embeddable":true,"href":"https:\/\/arte-coa.pt\/en\/wp-json\/wp\/v2\/product_cat?post=26025"},{"taxonomy":"product_tag","embeddable":true,"href":"https:\/\/arte-coa.pt\/en\/wp-json\/wp\/v2\/product_tag?post=26025"}],"curies":[{"name":"wp","href":"https:\/\/api.w.org\/{rel}","templated":true}]}}