{"id":25244,"date":"2019-01-04T19:26:32","date_gmt":"2019-01-04T19:26:32","guid":{"rendered":"https:\/\/arte-coa.pt\/?post_type=product&#038;p=25244"},"modified":"2020-07-29T17:53:28","modified_gmt":"2020-07-29T17:53:28","slug":"a-arte-e-os-artistas-do-vale-do-coa","status":"publish","type":"product","link":"https:\/\/arte-coa.pt\/en\/produto\/a-arte-e-os-artistas-do-vale-do-coa\/","title":{"rendered":"The Art and Artits of the C\u00f4a Valley"},"content":{"rendered":"","protected":false},"excerpt":{"rendered":"<p>Book guide of visitors. It\u2019s shows the recognition and importance of the research and investigation that has been done in the C\u00f4a Valley<br \/>\n<strong>Author:<\/strong> Lu\u00eds Lu\u00eds<\/p>\n","protected":false},"featured_media":25199,"template":"","meta":{"_acf_changed":false},"product_brand":[],"product_cat":[148],"product_tag":[],"class_list":{"0":"post-25244","1":"product","2":"type-product","3":"status-publish","4":"has-post-thumbnail","6":"product_cat-publications","8":"first","9":"instock","10":"taxable","11":"shipping-taxable","12":"purchasable","13":"product-type-simple"},"acf":[],"yoast_head":"<!-- This site is optimized with the Yoast SEO plugin v27.0 - https:\/\/yoast.com\/product\/yoast-seo-wordpress\/ -->\n<title>The Art and Artits of the C\u00f4a Valley - C\u00f4a Parque<\/title>\n<meta name=\"robots\" content=\"index, follow, max-snippet:-1, max-image-preview:large, max-video-preview:-1\" \/>\n<link rel=\"canonical\" href=\"https:\/\/arte-coa.pt\/en\/produto\/a-arte-e-os-artistas-do-vale-do-coa\/\" \/>\n<meta property=\"og:locale\" content=\"en_US\" \/>\n<meta property=\"og:type\" content=\"article\" \/>\n<meta property=\"og:title\" content=\"The Art and Artits of the C\u00f4a Valley - C\u00f4a Parque\" \/>\n<meta property=\"og:description\" content=\"Book guide of visitors. It\u2019s shows the recognition and importance of the research and investigation that has been done in the C\u00f4a Valley Author: Lu\u00eds Lu\u00eds\" \/>\n<meta property=\"og:url\" content=\"https:\/\/arte-coa.pt\/en\/produto\/a-arte-e-os-artistas-do-vale-do-coa\/\" \/>\n<meta property=\"og:site_name\" content=\"C\u00f4a Parque\" \/>\n<meta property=\"article:modified_time\" content=\"2020-07-29T17:53:28+00:00\" \/>\n<meta property=\"og:image\" content=\"https:\/\/arte-coa.pt\/wp-content\/uploads\/2020\/06\/COA_LOJA__0005_Art_and_artists_coa_valley.jpg\" \/>\n\t<meta property=\"og:image:width\" content=\"1000\" \/>\n\t<meta property=\"og:image:height\" content=\"1000\" \/>\n\t<meta property=\"og:image:type\" content=\"image\/jpeg\" \/>\n<meta name=\"twitter:card\" content=\"summary_large_image\" \/>\n<script type=\"application\/ld+json\" class=\"yoast-schema-graph\">{\"@context\":\"https:\/\/schema.org\",\"@graph\":[{\"@type\":\"WebPage\",\"@id\":\"https:\/\/arte-coa.pt\/en\/produto\/a-arte-e-os-artistas-do-vale-do-coa\/\",\"url\":\"https:\/\/arte-coa.pt\/en\/produto\/a-arte-e-os-artistas-do-vale-do-coa\/\",\"name\":\"The Art and Artits of the C\u00f4a Valley - C\u00f4a Parque\",\"isPartOf\":{\"@id\":\"https:\/\/arte-coa.pt\/en\/#website\"},\"primaryImageOfPage\":{\"@id\":\"https:\/\/arte-coa.pt\/en\/produto\/a-arte-e-os-artistas-do-vale-do-coa\/#primaryimage\"},\"image\":{\"@id\":\"https:\/\/arte-coa.pt\/en\/produto\/a-arte-e-os-artistas-do-vale-do-coa\/#primaryimage\"},\"thumbnailUrl\":\"https:\/\/arte-coa.pt\/wp-content\/uploads\/2020\/06\/COA_LOJA__0005_Art_and_artists_coa_valley.jpg\",\"datePublished\":\"2019-01-04T19:26:32+00:00\",\"dateModified\":\"2020-07-29T17:53:28+00:00\",\"breadcrumb\":{\"@id\":\"https:\/\/arte-coa.pt\/en\/produto\/a-arte-e-os-artistas-do-vale-do-coa\/#breadcrumb\"},\"inLanguage\":\"en-US\",\"potentialAction\":[{\"@type\":\"ReadAction\",\"target\":[\"https:\/\/arte-coa.pt\/en\/produto\/a-arte-e-os-artistas-do-vale-do-coa\/\"]}]},{\"@type\":\"ImageObject\",\"inLanguage\":\"en-US\",\"@id\":\"https:\/\/arte-coa.pt\/en\/produto\/a-arte-e-os-artistas-do-vale-do-coa\/#primaryimage\",\"url\":\"https:\/\/arte-coa.pt\/wp-content\/uploads\/2020\/06\/COA_LOJA__0005_Art_and_artists_coa_valley.jpg\",\"contentUrl\":\"https:\/\/arte-coa.pt\/wp-content\/uploads\/2020\/06\/COA_LOJA__0005_Art_and_artists_coa_valley.jpg\",\"width\":1000,\"height\":1000},{\"@type\":\"BreadcrumbList\",\"@id\":\"https:\/\/arte-coa.pt\/en\/produto\/a-arte-e-os-artistas-do-vale-do-coa\/#breadcrumb\",\"itemListElement\":[{\"@type\":\"ListItem\",\"position\":1,\"name\":\"Home\",\"item\":\"https:\/\/arte-coa.pt\/en\/\"},{\"@type\":\"ListItem\",\"position\":2,\"name\":\"Bilheteira | Loja Online\",\"item\":\"https:\/\/arte-coa.pt\/bilheteira-loja-online\/\"},{\"@type\":\"ListItem\",\"position\":3,\"name\":\"The Art and Artits of the C\u00f4a Valley\"}]},{\"@type\":\"WebSite\",\"@id\":\"https:\/\/arte-coa.pt\/en\/#website\",\"url\":\"https:\/\/arte-coa.pt\/en\/\",\"name\":\"C\u00f4a Parque\",\"description\":\"Arte C\u00f4a\",\"potentialAction\":[{\"@type\":\"SearchAction\",\"target\":{\"@type\":\"EntryPoint\",\"urlTemplate\":\"https:\/\/arte-coa.pt\/en\/?s={search_term_string}\"},\"query-input\":{\"@type\":\"PropertyValueSpecification\",\"valueRequired\":true,\"valueName\":\"search_term_string\"}}],\"inLanguage\":\"en-US\"}]}<\/script>\n<!-- \/ Yoast SEO plugin. -->","yoast_head_json":{"title":"The Art and Artits of the C\u00f4a Valley - C\u00f4a Parque","robots":{"index":"index","follow":"follow","max-snippet":"max-snippet:-1","max-image-preview":"max-image-preview:large","max-video-preview":"max-video-preview:-1"},"canonical":"https:\/\/arte-coa.pt\/en\/produto\/a-arte-e-os-artistas-do-vale-do-coa\/","og_locale":"en_US","og_type":"article","og_title":"The Art and Artits of the C\u00f4a Valley - C\u00f4a Parque","og_description":"Book guide of visitors. It\u2019s shows the recognition and importance of the research and investigation that has been done in the C\u00f4a Valley Author: Lu\u00eds Lu\u00eds","og_url":"https:\/\/arte-coa.pt\/en\/produto\/a-arte-e-os-artistas-do-vale-do-coa\/","og_site_name":"C\u00f4a Parque","article_modified_time":"2020-07-29T17:53:28+00:00","og_image":[{"width":1000,"height":1000,"url":"https:\/\/arte-coa.pt\/wp-content\/uploads\/2020\/06\/COA_LOJA__0005_Art_and_artists_coa_valley.jpg","type":"image\/jpeg"}],"twitter_card":"summary_large_image","schema":{"@context":"https:\/\/schema.org","@graph":[{"@type":"WebPage","@id":"https:\/\/arte-coa.pt\/en\/produto\/a-arte-e-os-artistas-do-vale-do-coa\/","url":"https:\/\/arte-coa.pt\/en\/produto\/a-arte-e-os-artistas-do-vale-do-coa\/","name":"The Art and Artits of the C\u00f4a Valley - C\u00f4a Parque","isPartOf":{"@id":"https:\/\/arte-coa.pt\/en\/#website"},"primaryImageOfPage":{"@id":"https:\/\/arte-coa.pt\/en\/produto\/a-arte-e-os-artistas-do-vale-do-coa\/#primaryimage"},"image":{"@id":"https:\/\/arte-coa.pt\/en\/produto\/a-arte-e-os-artistas-do-vale-do-coa\/#primaryimage"},"thumbnailUrl":"https:\/\/arte-coa.pt\/wp-content\/uploads\/2020\/06\/COA_LOJA__0005_Art_and_artists_coa_valley.jpg","datePublished":"2019-01-04T19:26:32+00:00","dateModified":"2020-07-29T17:53:28+00:00","breadcrumb":{"@id":"https:\/\/arte-coa.pt\/en\/produto\/a-arte-e-os-artistas-do-vale-do-coa\/#breadcrumb"},"inLanguage":"en-US","potentialAction":[{"@type":"ReadAction","target":["https:\/\/arte-coa.pt\/en\/produto\/a-arte-e-os-artistas-do-vale-do-coa\/"]}]},{"@type":"ImageObject","inLanguage":"en-US","@id":"https:\/\/arte-coa.pt\/en\/produto\/a-arte-e-os-artistas-do-vale-do-coa\/#primaryimage","url":"https:\/\/arte-coa.pt\/wp-content\/uploads\/2020\/06\/COA_LOJA__0005_Art_and_artists_coa_valley.jpg","contentUrl":"https:\/\/arte-coa.pt\/wp-content\/uploads\/2020\/06\/COA_LOJA__0005_Art_and_artists_coa_valley.jpg","width":1000,"height":1000},{"@type":"BreadcrumbList","@id":"https:\/\/arte-coa.pt\/en\/produto\/a-arte-e-os-artistas-do-vale-do-coa\/#breadcrumb","itemListElement":[{"@type":"ListItem","position":1,"name":"Home","item":"https:\/\/arte-coa.pt\/en\/"},{"@type":"ListItem","position":2,"name":"Bilheteira | Loja Online","item":"https:\/\/arte-coa.pt\/bilheteira-loja-online\/"},{"@type":"ListItem","position":3,"name":"The Art and Artits of the C\u00f4a Valley"}]},{"@type":"WebSite","@id":"https:\/\/arte-coa.pt\/en\/#website","url":"https:\/\/arte-coa.pt\/en\/","name":"C\u00f4a Parque","description":"Arte C\u00f4a","potentialAction":[{"@type":"SearchAction","target":{"@type":"EntryPoint","urlTemplate":"https:\/\/arte-coa.pt\/en\/?s={search_term_string}"},"query-input":{"@type":"PropertyValueSpecification","valueRequired":true,"valueName":"search_term_string"}}],"inLanguage":"en-US"}]}},"_links":{"self":[{"href":"https:\/\/arte-coa.pt\/en\/wp-json\/wp\/v2\/product\/25244","targetHints":{"allow":["GET"]}}],"collection":[{"href":"https:\/\/arte-coa.pt\/en\/wp-json\/wp\/v2\/product"}],"about":[{"href":"https:\/\/arte-coa.pt\/en\/wp-json\/wp\/v2\/types\/product"}],"wp:featuredmedia":[{"embeddable":true,"href":"https:\/\/arte-coa.pt\/en\/wp-json\/wp\/v2\/media\/25199"}],"wp:attachment":[{"href":"https:\/\/arte-coa.pt\/en\/wp-json\/wp\/v2\/media?parent=25244"}],"wp:term":[{"taxonomy":"product_brand","embeddable":true,"href":"https:\/\/arte-coa.pt\/en\/wp-json\/wp\/v2\/product_brand?post=25244"},{"taxonomy":"product_cat","embeddable":true,"href":"https:\/\/arte-coa.pt\/en\/wp-json\/wp\/v2\/product_cat?post=25244"},{"taxonomy":"product_tag","embeddable":true,"href":"https:\/\/arte-coa.pt\/en\/wp-json\/wp\/v2\/product_tag?post=25244"}],"curies":[{"name":"wp","href":"https:\/\/api.w.org\/{rel}","templated":true}]}}