{"id":25755,"date":"2020-07-27T08:24:32","date_gmt":"2020-07-27T08:24:32","guid":{"rendered":"https:\/\/arte-coa.pt\/?page_id=25755"},"modified":"2023-10-14T20:40:19","modified_gmt":"2023-10-14T20:40:19","slug":"terms-and-conditions","status":"publish","type":"page","link":"https:\/\/arte-coa.pt\/en\/terms-and-conditions\/","title":{"rendered":"Terms and Conditions"},"content":{"rendered":"<div id=\"cmsmasters_row_tn5n73ce9f\" class=\"cmsmasters_row cmsmasters_color_scheme_default cmsmasters_row_top_default cmsmasters_row_bot_default cmsmasters_row_boxed\">\n<div class=\"cmsmasters_row_outer_parent\">\n<div class=\"cmsmasters_row_outer\">\n<div class=\"cmsmasters_row_inner\">\n<div class=\"cmsmasters_row_margin cmsmasters_row_columns_behavior\">\n<div id=\"cmsmasters_column_lay21jl1k4\" class=\"cmsmasters_column one_first\">\n<div class=\"cmsmasters_column_inner\"><div id=\"cmsmasters_heading_w5ppype5o\" class=\"cmsmasters_heading_wrap cmsmasters_heading_align_left\">\n\t<h2 class=\"cmsmasters_heading\">Terms and Conditions<\/h2>\n<\/div><div class=\"cmsmasters_text\">\n<p><strong>INSTITUTION:<\/strong><br \/>\nC\u00f4a Parque \u2013 Funda\u00e7\u00e3o para a Salvaguarda e Valoriza\u00e7\u00e3o do Vale do C\u00f4a<br \/>\n<strong>TIN:<\/strong> 510 058 086<br \/>\n<strong>ADDRESS:<\/strong> Museu do C\u00f4a, Rua do Museu S\/N, 5150-620 Vila Nova de Foz C\u00f4a<br \/>\n<strong>Email:<\/strong> <a href=\"mailto:lojal@arte-coa.pt\">loja@arte-coa.pt<\/a><\/p>\n<p><strong>DELIVERIES<\/strong><br \/>\nThe Online Store delivers to Portugal and abroad through CTT \u2013 Portuguese Mail, and CTT Express.<br \/>\nShipment postage will be determined using the price table in force adding the values mentioned for each product. There may be added postage costs in case of redelivery of returned packages due to receptor absence or other reasons.<br \/>\nProducts will be delivered within 5 to 10 days. In case of a delay, over 10 days, the client will be immediately informed.<\/p>\n<p><strong>USER DATA<\/strong><br \/>\nThe user must provide all data for billing, according to the client\u2019s registry: personal data, billing address, delivery address.<\/p>\n<p><strong>PAYMENT METHODS<\/strong><br \/>\nBefore finalizing the order, the customer is presented with the payment method (the only possible payment method).<\/p>\n<p><img loading=\"lazy\" decoding=\"async\" class=\"alignnone wp-image-27046\" src=\"https:\/\/arte-coa.pt\/wp-content\/uploads\/2020\/11\/Logos-pagamentos-TC-pagamentos.png\" alt=\"\" width=\"202\" height=\"51\" \/><\/p>\n<p><strong>PRODUCTS<\/strong><br \/>\nYou need to register to make purchases in the Online Store.<br \/>\nIf you are unable to register due to technical difficulties, please send us an email to loja@arte-coa.pt.<br \/>\nThe reproduction, transfer, distribution or storage of the contents contained in the Museu do C\u00f4a online store, without prior written authorization, is expressly prohibited.<\/p>\n<p>You can also place your orders by phone: +351 279 768 274 (national telephone calls) or by email: loja@arte-coa.pt<br \/>\nThe Museu do C\u00f4a Store on-line reserves the right to modify at any time the information and commercial offers presented on: products, prices, promotions and delivery services provided.<br \/>\nIn the event that the information presented does not correspond to the characteristics of the product, the Customer will be informed and will have the right to terminate his purchase.<\/p>\n<p>The prices indicated include VAT at the legal rate in force and are subject to change without notice.<br \/>\nDuring the ordering process, the price of the products may fluctuate. In this case, we will inform the customer of the additional value, awaiting confirmation of the order.<br \/>\nAttention: All orders are subject to stock availability. In the event of a stockout, C\u00f4a Parque \u2013 Funda\u00e7\u00e3o Para a Salvaguarda e Valoriza\u00e7\u00e3o do Vale do C\u00f4a is unable to guarantee that the price of the product will not change, however shipping will only be done after the customer is informed and agrees to keep the order.<\/p>\n<p><strong>RETURN POLICY<\/strong><br \/>\nIf you are not satisfied, the Museu do C\u00f4a online store accepts product returns up to 30 days after the date of receipt of the order and under the following conditions: The product must be in perfect conditions with intact packaging; The refund will be made up to 30 days after the reception of the returned order, by credit to the card used for payment.<br \/>\nProduct must be shipped to:<br \/>\nC\u00f4a Parque \u2013 Funda\u00e7\u00e3o para a Salvaguarda e Valoriza\u00e7\u00e3o do Vale do C\u00f4a<br \/>\nAddress: Museu do C\u00f4a, Rua do Museu S\/N<br \/>\n5150-620 Vila Nova de Foz C\u00f4a<br \/>\nAny clarification, suggestion or complaint must be directed to Loja do Museu do C\u00f4a online via email: loja@arte-coa.pt.<\/p>\n<p><strong>WARRANTIES<\/strong><br \/>\nWarranties are according to the manufacturer\u2019s defined conditions<br \/>\nThey do not cover:<br \/>\nTransport\u2019s cost of defective material.<br \/>\nDamage caused by misuse or abuse.<br \/>\nDamage caused by transport outside the original packaging.<br \/>\nDamage caused by poor protection of materials.<br \/>\nOrders opened by entities alien to the C\u00f4a Parque.<br \/>\nMaterials that have undergone attempts to repair.<br \/>\nAfter acceptance, the object in question must be sent to the Museu do C\u00f4a Store.<\/p>\n<\/div>\n<\/div><\/div>\n<\/div>\n<\/div>\n<\/div>\n<\/div>\n<\/div>\n\n","protected":false},"excerpt":{"rendered":"","protected":false},"author":6,"featured_media":0,"parent":0,"menu_order":0,"comment_status":"closed","ping_status":"closed","template":"","meta":{"_acf_changed":false,"footnotes":""},"class_list":["post-25755","page","type-page","status-publish","hentry"],"acf":[],"yoast_head":"<!-- This site is optimized with the Yoast SEO plugin v27.0 - https:\/\/yoast.com\/product\/yoast-seo-wordpress\/ -->\n<title>Terms and Conditions - C\u00f4a Parque<\/title>\n<meta name=\"robots\" content=\"index, follow, max-snippet:-1, max-image-preview:large, max-video-preview:-1\" \/>\n<link rel=\"canonical\" href=\"https:\/\/arte-coa.pt\/en\/terms-and-conditions\/\" \/>\n<meta property=\"og:locale\" content=\"en_US\" \/>\n<meta property=\"og:type\" content=\"article\" \/>\n<meta property=\"og:title\" content=\"Terms and Conditions - C\u00f4a Parque\" \/>\n<meta property=\"og:url\" content=\"https:\/\/arte-coa.pt\/en\/terms-and-conditions\/\" \/>\n<meta property=\"og:site_name\" content=\"C\u00f4a Parque\" \/>\n<meta property=\"article:modified_time\" content=\"2023-10-14T20:40:19+00:00\" \/>\n<meta property=\"og:image\" content=\"https:\/\/arte-coa.pt\/wp-content\/uploads\/2020\/11\/Logos-pagamentos-TC-pagamentos.png\" \/>\n<meta name=\"twitter:card\" content=\"summary_large_image\" \/>\n<meta name=\"twitter:label1\" content=\"Est. reading time\" \/>\n\t<meta name=\"twitter:data1\" content=\"4 minutes\" \/>\n<script type=\"application\/ld+json\" class=\"yoast-schema-graph\">{\"@context\":\"https:\/\/schema.org\",\"@graph\":[{\"@type\":\"WebPage\",\"@id\":\"https:\/\/arte-coa.pt\/en\/terms-and-conditions\/\",\"url\":\"https:\/\/arte-coa.pt\/en\/terms-and-conditions\/\",\"name\":\"Terms and Conditions - C\u00f4a Parque\",\"isPartOf\":{\"@id\":\"https:\/\/arte-coa.pt\/en\/#website\"},\"primaryImageOfPage\":{\"@id\":\"https:\/\/arte-coa.pt\/en\/terms-and-conditions\/#primaryimage\"},\"image\":{\"@id\":\"https:\/\/arte-coa.pt\/en\/terms-and-conditions\/#primaryimage\"},\"thumbnailUrl\":\"https:\/\/arte-coa.pt\/wp-content\/uploads\/2020\/11\/Logos-pagamentos-TC-pagamentos.png\",\"datePublished\":\"2020-07-27T08:24:32+00:00\",\"dateModified\":\"2023-10-14T20:40:19+00:00\",\"breadcrumb\":{\"@id\":\"https:\/\/arte-coa.pt\/en\/terms-and-conditions\/#breadcrumb\"},\"inLanguage\":\"en-US\",\"potentialAction\":[{\"@type\":\"ReadAction\",\"target\":[\"https:\/\/arte-coa.pt\/en\/terms-and-conditions\/\"]}]},{\"@type\":\"ImageObject\",\"inLanguage\":\"en-US\",\"@id\":\"https:\/\/arte-coa.pt\/en\/terms-and-conditions\/#primaryimage\",\"url\":\"https:\/\/arte-coa.pt\/wp-content\/uploads\/2020\/11\/Logos-pagamentos-TC-pagamentos.png\",\"contentUrl\":\"https:\/\/arte-coa.pt\/wp-content\/uploads\/2020\/11\/Logos-pagamentos-TC-pagamentos.png\"},{\"@type\":\"BreadcrumbList\",\"@id\":\"https:\/\/arte-coa.pt\/en\/terms-and-conditions\/#breadcrumb\",\"itemListElement\":[{\"@type\":\"ListItem\",\"position\":1,\"name\":\"Home\",\"item\":\"https:\/\/arte-coa.pt\/en\/\"},{\"@type\":\"ListItem\",\"position\":2,\"name\":\"Terms and Conditions\"}]},{\"@type\":\"WebSite\",\"@id\":\"https:\/\/arte-coa.pt\/en\/#website\",\"url\":\"https:\/\/arte-coa.pt\/en\/\",\"name\":\"C\u00f4a Parque\",\"description\":\"Arte C\u00f4a\",\"potentialAction\":[{\"@type\":\"SearchAction\",\"target\":{\"@type\":\"EntryPoint\",\"urlTemplate\":\"https:\/\/arte-coa.pt\/en\/?s={search_term_string}\"},\"query-input\":{\"@type\":\"PropertyValueSpecification\",\"valueRequired\":true,\"valueName\":\"search_term_string\"}}],\"inLanguage\":\"en-US\"}]}<\/script>\n<!-- \/ Yoast SEO plugin. -->","yoast_head_json":{"title":"Terms and Conditions - C\u00f4a Parque","robots":{"index":"index","follow":"follow","max-snippet":"max-snippet:-1","max-image-preview":"max-image-preview:large","max-video-preview":"max-video-preview:-1"},"canonical":"https:\/\/arte-coa.pt\/en\/terms-and-conditions\/","og_locale":"en_US","og_type":"article","og_title":"Terms and Conditions - C\u00f4a Parque","og_url":"https:\/\/arte-coa.pt\/en\/terms-and-conditions\/","og_site_name":"C\u00f4a Parque","article_modified_time":"2023-10-14T20:40:19+00:00","og_image":[{"url":"https:\/\/arte-coa.pt\/wp-content\/uploads\/2020\/11\/Logos-pagamentos-TC-pagamentos.png","type":"","width":"","height":""}],"twitter_card":"summary_large_image","twitter_misc":{"Est. reading time":"4 minutes"},"schema":{"@context":"https:\/\/schema.org","@graph":[{"@type":"WebPage","@id":"https:\/\/arte-coa.pt\/en\/terms-and-conditions\/","url":"https:\/\/arte-coa.pt\/en\/terms-and-conditions\/","name":"Terms and Conditions - C\u00f4a Parque","isPartOf":{"@id":"https:\/\/arte-coa.pt\/en\/#website"},"primaryImageOfPage":{"@id":"https:\/\/arte-coa.pt\/en\/terms-and-conditions\/#primaryimage"},"image":{"@id":"https:\/\/arte-coa.pt\/en\/terms-and-conditions\/#primaryimage"},"thumbnailUrl":"https:\/\/arte-coa.pt\/wp-content\/uploads\/2020\/11\/Logos-pagamentos-TC-pagamentos.png","datePublished":"2020-07-27T08:24:32+00:00","dateModified":"2023-10-14T20:40:19+00:00","breadcrumb":{"@id":"https:\/\/arte-coa.pt\/en\/terms-and-conditions\/#breadcrumb"},"inLanguage":"en-US","potentialAction":[{"@type":"ReadAction","target":["https:\/\/arte-coa.pt\/en\/terms-and-conditions\/"]}]},{"@type":"ImageObject","inLanguage":"en-US","@id":"https:\/\/arte-coa.pt\/en\/terms-and-conditions\/#primaryimage","url":"https:\/\/arte-coa.pt\/wp-content\/uploads\/2020\/11\/Logos-pagamentos-TC-pagamentos.png","contentUrl":"https:\/\/arte-coa.pt\/wp-content\/uploads\/2020\/11\/Logos-pagamentos-TC-pagamentos.png"},{"@type":"BreadcrumbList","@id":"https:\/\/arte-coa.pt\/en\/terms-and-conditions\/#breadcrumb","itemListElement":[{"@type":"ListItem","position":1,"name":"Home","item":"https:\/\/arte-coa.pt\/en\/"},{"@type":"ListItem","position":2,"name":"Terms and Conditions"}]},{"@type":"WebSite","@id":"https:\/\/arte-coa.pt\/en\/#website","url":"https:\/\/arte-coa.pt\/en\/","name":"C\u00f4a Parque","description":"Arte C\u00f4a","potentialAction":[{"@type":"SearchAction","target":{"@type":"EntryPoint","urlTemplate":"https:\/\/arte-coa.pt\/en\/?s={search_term_string}"},"query-input":{"@type":"PropertyValueSpecification","valueRequired":true,"valueName":"search_term_string"}}],"inLanguage":"en-US"}]}},"_links":{"self":[{"href":"https:\/\/arte-coa.pt\/en\/wp-json\/wp\/v2\/pages\/25755","targetHints":{"allow":["GET"]}}],"collection":[{"href":"https:\/\/arte-coa.pt\/en\/wp-json\/wp\/v2\/pages"}],"about":[{"href":"https:\/\/arte-coa.pt\/en\/wp-json\/wp\/v2\/types\/page"}],"author":[{"embeddable":true,"href":"https:\/\/arte-coa.pt\/en\/wp-json\/wp\/v2\/users\/6"}],"replies":[{"embeddable":true,"href":"https:\/\/arte-coa.pt\/en\/wp-json\/wp\/v2\/comments?post=25755"}],"version-history":[{"count":9,"href":"https:\/\/arte-coa.pt\/en\/wp-json\/wp\/v2\/pages\/25755\/revisions"}],"predecessor-version":[{"id":33198,"href":"https:\/\/arte-coa.pt\/en\/wp-json\/wp\/v2\/pages\/25755\/revisions\/33198"}],"wp:attachment":[{"href":"https:\/\/arte-coa.pt\/en\/wp-json\/wp\/v2\/media?parent=25755"}],"curies":[{"name":"wp","href":"https:\/\/api.w.org\/{rel}","templated":true}]}}