{"id":24701,"date":"2020-04-10T14:23:02","date_gmt":"2020-04-10T14:23:02","guid":{"rendered":"https:\/\/arte-coa.pt\/projetos-cofinanciados\/"},"modified":"2022-12-15T15:07:14","modified_gmt":"2022-12-15T15:07:14","slug":"projetos-cofinanciados","status":"publish","type":"page","link":"https:\/\/arte-coa.pt\/en\/projetos-cofinanciados\/","title":{"rendered":"Co-financed projects"},"content":{"rendered":"<div id=\"cmsmasters_row_ji8x2qpvr\" class=\"cmsmasters_row cmsmasters_color_scheme_default cmsmasters_row_top_default cmsmasters_row_bot_default cmsmasters_row_boxed\">\n<div class=\"cmsmasters_row_outer_parent\">\n<div class=\"cmsmasters_row_outer\">\n<div class=\"cmsmasters_row_inner\">\n<div class=\"cmsmasters_row_margin\">\n<div id=\"cmsmasters_column_4k6ovgayv\" class=\"cmsmasters_column one_third\">\n<div class=\"cmsmasters_column_inner\"><div id=\"cmsmasters_heading_kca2kcm38g\" class=\"cmsmasters_heading_wrap cmsmasters_heading_align_left\">\n\t<h4 class=\"cmsmasters_heading\"> Co-financed by:<\/h4>\n<\/div>\n<\/div><\/div>\n<div id=\"cmsmasters_column_7nkhzr8j5n\" class=\"cmsmasters_column two_third\">\n<div class=\"cmsmasters_column_inner\"><\/div><\/div>\n<\/div>\n<\/div>\n<\/div>\n<\/div>\n<\/div>\n<div id=\"cmsmasters_row_ys004ruhcv\" class=\"cmsmasters_row cmsmasters_color_scheme_default cmsmasters_row_top_default cmsmasters_row_bot_default cmsmasters_row_boxed\">\n<div class=\"cmsmasters_row_outer_parent\">\n<div class=\"cmsmasters_row_outer\">\n<div class=\"cmsmasters_row_inner\">\n<div class=\"cmsmasters_row_margin\">\n<div id=\"cmsmasters_column_rtzdddn6hi\" class=\"cmsmasters_column one_third\">\n<div class=\"cmsmasters_column_inner\"><div class=\"cmsmasters_img  cmsmasters_image_n\"><img decoding=\"async\" src=\"https:\/\/arte-coa.pt\/wp-content\/uploads\/2020\/04\/MODERNPALEO-300x300_02.jpg\" \/><\/div>\n<\/div><\/div>\n<div id=\"cmsmasters_column_ykzczhy5co\" class=\"cmsmasters_column two_third\">\n<div class=\"cmsmasters_column_inner\"><div class=\"cmsmasters_text\">\n<p><span style=\"color: #e44a46;\">MODERNPALEO<\/span><\/p>\n<p>Moderniza\u00e7\u00e3o Administrativa de Funda\u00e7\u00e3o C\u00f4a Parque<\/p>\n<\/div>\n<div id=\"cmsmasters_button_qwgtvhqvvp\" class=\"button_wrap\"><a href=\"\/wp-content\/uploads\/2020\/04\/MODERNPALEO2.pdf\" class=\"cmsmasters_button\" target=\"_blank\"><span>SEE FILE<\/span><\/a><\/div>\n<\/div><\/div>\n<\/div>\n<\/div>\n<\/div>\n<\/div>\n<\/div>\n<div id=\"cmsmasters_row_oxpe7iv0h\" class=\"cmsmasters_row cmsmasters_color_scheme_default cmsmasters_row_top_default cmsmasters_row_bot_default cmsmasters_row_boxed\">\n<div class=\"cmsmasters_row_outer_parent\">\n<div class=\"cmsmasters_row_outer\">\n<div class=\"cmsmasters_row_inner\">\n<div class=\"cmsmasters_row_margin\">\n<div id=\"cmsmasters_column_lsyj2cn1k\" class=\"cmsmasters_column one_first\">\n<div class=\"cmsmasters_column_inner\">\n<div id=\"cmsmasters_divider_tqaea58kwd\" class=\"cmsmasters_divider cmsmasters_divider_width_long cmsmasters_divider_pos_center\"><\/div>\n<\/div><\/div>\n<\/div>\n<\/div>\n<\/div>\n<\/div>\n<\/div>\n<div id=\"cmsmasters_row_azr68ihvto\" class=\"cmsmasters_row cmsmasters_color_scheme_default cmsmasters_row_top_default cmsmasters_row_bot_default cmsmasters_row_boxed\">\n<div class=\"cmsmasters_row_outer_parent\">\n<div class=\"cmsmasters_row_outer\">\n<div class=\"cmsmasters_row_inner\">\n<div class=\"cmsmasters_row_margin\">\n<div id=\"cmsmasters_column_2as47ypc8v\" class=\"cmsmasters_column one_third\">\n<div class=\"cmsmasters_column_inner\"><div class=\"aligncenter\"><div class=\"cmsmasters_img  cmsmasters_image_c\"><img decoding=\"async\" src=\"https:\/\/arte-coa.pt\/wp-content\/uploads\/2020\/04\/PALEOARTE-3.png\" \/><\/div><\/div>\n<\/div><\/div>\n<div id=\"cmsmasters_column_2cvn6koppi\" class=\"cmsmasters_column two_third\">\n<div class=\"cmsmasters_column_inner\"><div class=\"cmsmasters_text\">\n<p><span style=\"color: #e44a46;\">PALEOARTE<\/span><\/p>\n<p>Arte paleol\u00edtico transfronteirizo<\/p>\n<p><a class=\"cmsmasters_button cmsmasters_post_loader cmsmasters_items_loader\" href=\"\/wp-content\/uploads\/2020\/04\/PALEOARTE2.pdf\" target=\"_blank\" rel=\"noopener noreferrer\">SEE FILE<\/a><\/p>\n<\/div>\n<\/div><\/div>\n<\/div>\n<\/div>\n<\/div>\n<\/div>\n<\/div>\n<div id=\"cmsmasters_row_h0jwuldvf8\" class=\"cmsmasters_row cmsmasters_color_scheme_default cmsmasters_row_top_default cmsmasters_row_bot_default cmsmasters_row_boxed\">\n<div class=\"cmsmasters_row_outer_parent\">\n<div class=\"cmsmasters_row_outer\">\n<div class=\"cmsmasters_row_inner\">\n<div class=\"cmsmasters_row_margin\">\n<div id=\"cmsmasters_column_qcofjdpubk\" class=\"cmsmasters_column one_first\">\n<div class=\"cmsmasters_column_inner\">\n<div id=\"cmsmasters_divider_98okxrq3vd\" class=\"cmsmasters_divider cmsmasters_divider_width_long cmsmasters_divider_pos_center\"><\/div>\n<\/div><\/div>\n<\/div>\n<\/div>\n<\/div>\n<\/div>\n<\/div>\n<div id=\"cmsmasters_row_khcahplxts\" class=\"cmsmasters_row cmsmasters_color_scheme_default cmsmasters_row_top_default cmsmasters_row_bot_default cmsmasters_row_boxed\">\n<div class=\"cmsmasters_row_outer_parent\">\n<div class=\"cmsmasters_row_outer\">\n<div class=\"cmsmasters_row_inner\">\n<div class=\"cmsmasters_row_margin\">\n<div id=\"cmsmasters_column_i40e1ixncc\" class=\"cmsmasters_column one_third\">\n<div class=\"cmsmasters_column_inner\"><div class=\"aligncenter\"><div class=\"cmsmasters_img  cmsmasters_image_c\"><img decoding=\"async\" src=\"https:\/\/arte-coa.pt\/wp-content\/uploads\/2020\/04\/Valorizar-2.png\" \/><\/div><\/div>\n<\/div><\/div>\n<div id=\"cmsmasters_column_ied8t1d0s9\" class=\"cmsmasters_column two_third\">\n<div class=\"cmsmasters_column_inner\"><div class=\"cmsmasters_text\">\n<p><span style=\"color: #e44a46;\">PROGRAMA VALORIZAR<br \/>\n<\/span><\/p>\n<p>\u00abValoriza\u00e7\u00e3o tur\u00edstica do Museu e Parque Arqueol\u00f3gico do Vale do C\u00f4a, Patrim\u00f3nio da Humanidade\u00bb<\/p>\n<p><a class=\"cmsmasters_button cmsmasters_post_loader cmsmasters_items_loader\" href=\"\/wp-content\/uploads\/2020\/04\/Valorizar.pdf\" target=\"_blank\" rel=\"noopener noreferrer\">SEE FILE<\/a><\/p>\n<\/div>\n<\/div><\/div>\n<\/div>\n<\/div>\n<\/div>\n<\/div>\n<\/div>\n<div id=\"cmsmasters_row_1uxj8nztml\" class=\"cmsmasters_row cmsmasters_color_scheme_default cmsmasters_row_top_default cmsmasters_row_bot_default cmsmasters_row_boxed\">\n<div class=\"cmsmasters_row_outer_parent\">\n<div class=\"cmsmasters_row_outer\">\n<div class=\"cmsmasters_row_inner\">\n<div class=\"cmsmasters_row_margin\">\n<div id=\"cmsmasters_column_3e3bwn871\" class=\"cmsmasters_column one_first\">\n<div class=\"cmsmasters_column_inner\">\n<div id=\"cmsmasters_divider_a7yzsdpwfb\" class=\"cmsmasters_divider cmsmasters_divider_width_long cmsmasters_divider_pos_center\"><\/div>\n<\/div><\/div>\n<\/div>\n<\/div>\n<\/div>\n<\/div>\n<\/div>\n<div id=\"cmsmasters_row_qq07eomiva\" class=\"cmsmasters_row cmsmasters_color_scheme_default cmsmasters_row_top_default cmsmasters_row_bot_default cmsmasters_row_boxed\">\n<div class=\"cmsmasters_row_outer_parent\">\n<div class=\"cmsmasters_row_outer\">\n<div class=\"cmsmasters_row_inner\">\n<div class=\"cmsmasters_row_margin\">\n<div id=\"cmsmasters_column_2t60uxr4bl\" class=\"cmsmasters_column one_third\">\n<div class=\"cmsmasters_column_inner\"><div class=\"aligncenter\"><div class=\"cmsmasters_img  cmsmasters_image_c\"><img decoding=\"async\" src=\"https:\/\/arte-coa.pt\/wp-content\/uploads\/2020\/04\/Iceland-2.png\" \/><\/div><\/div>\n<\/div><\/div>\n<div id=\"cmsmasters_column_s403le4069\" class=\"cmsmasters_column two_third\">\n<div class=\"cmsmasters_column_inner\"><div class=\"cmsmasters_text\">\n<p><span style=\"color: #e44a46;\">ICELAND LIECHENSTEIN NORWAY GRANTS<br \/>\n<\/span><\/p>\n<p>Rock Art Heritage and Landscape as key vector to the European cohesion<\/p>\n<p><a class=\"cmsmasters_button cmsmasters_post_loader cmsmasters_items_loader\" href=\"\/wp-content\/uploads\/2020\/04\/Iceland.pdf\" target=\"_blank\" rel=\"noopener noreferrer\">SEE FILE<\/a><\/p>\n<\/div>\n<\/div><\/div>\n<\/div>\n<\/div>\n<\/div>\n<\/div>\n<\/div>\n\n","protected":false},"excerpt":{"rendered":"","protected":false},"author":6,"featured_media":0,"parent":0,"menu_order":0,"comment_status":"closed","ping_status":"closed","template":"","meta":{"_acf_changed":false,"footnotes":""},"class_list":["post-24701","page","type-page","status-publish","hentry"],"acf":[],"yoast_head":"<!-- This site is optimized with the Yoast SEO plugin v27.0 - https:\/\/yoast.com\/product\/yoast-seo-wordpress\/ -->\n<title>Co-financed projects - C\u00f4a Parque<\/title>\n<meta name=\"robots\" content=\"index, follow, max-snippet:-1, max-image-preview:large, max-video-preview:-1\" \/>\n<link rel=\"canonical\" href=\"https:\/\/arte-coa.pt\/en\/projetos-cofinanciados\/\" \/>\n<meta property=\"og:locale\" content=\"en_US\" \/>\n<meta property=\"og:type\" content=\"article\" \/>\n<meta property=\"og:title\" content=\"Co-financed projects - C\u00f4a Parque\" \/>\n<meta property=\"og:url\" content=\"https:\/\/arte-coa.pt\/en\/projetos-cofinanciados\/\" \/>\n<meta property=\"og:site_name\" content=\"C\u00f4a Parque\" \/>\n<meta property=\"article:modified_time\" content=\"2022-12-15T15:07:14+00:00\" \/>\n<meta name=\"twitter:card\" content=\"summary_large_image\" \/>\n<meta name=\"twitter:label1\" content=\"Est. reading time\" \/>\n\t<meta name=\"twitter:data1\" content=\"2 minutes\" \/>\n<script type=\"application\/ld+json\" class=\"yoast-schema-graph\">{\"@context\":\"https:\/\/schema.org\",\"@graph\":[{\"@type\":\"WebPage\",\"@id\":\"https:\/\/arte-coa.pt\/en\/projetos-cofinanciados\/\",\"url\":\"https:\/\/arte-coa.pt\/en\/projetos-cofinanciados\/\",\"name\":\"Co-financed projects - C\u00f4a Parque\",\"isPartOf\":{\"@id\":\"https:\/\/arte-coa.pt\/en\/#website\"},\"datePublished\":\"2020-04-10T14:23:02+00:00\",\"dateModified\":\"2022-12-15T15:07:14+00:00\",\"breadcrumb\":{\"@id\":\"https:\/\/arte-coa.pt\/en\/projetos-cofinanciados\/#breadcrumb\"},\"inLanguage\":\"en-US\",\"potentialAction\":[{\"@type\":\"ReadAction\",\"target\":[\"https:\/\/arte-coa.pt\/en\/projetos-cofinanciados\/\"]}]},{\"@type\":\"BreadcrumbList\",\"@id\":\"https:\/\/arte-coa.pt\/en\/projetos-cofinanciados\/#breadcrumb\",\"itemListElement\":[{\"@type\":\"ListItem\",\"position\":1,\"name\":\"Home\",\"item\":\"https:\/\/arte-coa.pt\/en\/\"},{\"@type\":\"ListItem\",\"position\":2,\"name\":\"Co-financed projects\"}]},{\"@type\":\"WebSite\",\"@id\":\"https:\/\/arte-coa.pt\/en\/#website\",\"url\":\"https:\/\/arte-coa.pt\/en\/\",\"name\":\"C\u00f4a Parque\",\"description\":\"Arte C\u00f4a\",\"potentialAction\":[{\"@type\":\"SearchAction\",\"target\":{\"@type\":\"EntryPoint\",\"urlTemplate\":\"https:\/\/arte-coa.pt\/en\/?s={search_term_string}\"},\"query-input\":{\"@type\":\"PropertyValueSpecification\",\"valueRequired\":true,\"valueName\":\"search_term_string\"}}],\"inLanguage\":\"en-US\"}]}<\/script>\n<!-- \/ Yoast SEO plugin. -->","yoast_head_json":{"title":"Co-financed projects - C\u00f4a Parque","robots":{"index":"index","follow":"follow","max-snippet":"max-snippet:-1","max-image-preview":"max-image-preview:large","max-video-preview":"max-video-preview:-1"},"canonical":"https:\/\/arte-coa.pt\/en\/projetos-cofinanciados\/","og_locale":"en_US","og_type":"article","og_title":"Co-financed projects - C\u00f4a Parque","og_url":"https:\/\/arte-coa.pt\/en\/projetos-cofinanciados\/","og_site_name":"C\u00f4a Parque","article_modified_time":"2022-12-15T15:07:14+00:00","twitter_card":"summary_large_image","twitter_misc":{"Est. reading time":"2 minutes"},"schema":{"@context":"https:\/\/schema.org","@graph":[{"@type":"WebPage","@id":"https:\/\/arte-coa.pt\/en\/projetos-cofinanciados\/","url":"https:\/\/arte-coa.pt\/en\/projetos-cofinanciados\/","name":"Co-financed projects - C\u00f4a Parque","isPartOf":{"@id":"https:\/\/arte-coa.pt\/en\/#website"},"datePublished":"2020-04-10T14:23:02+00:00","dateModified":"2022-12-15T15:07:14+00:00","breadcrumb":{"@id":"https:\/\/arte-coa.pt\/en\/projetos-cofinanciados\/#breadcrumb"},"inLanguage":"en-US","potentialAction":[{"@type":"ReadAction","target":["https:\/\/arte-coa.pt\/en\/projetos-cofinanciados\/"]}]},{"@type":"BreadcrumbList","@id":"https:\/\/arte-coa.pt\/en\/projetos-cofinanciados\/#breadcrumb","itemListElement":[{"@type":"ListItem","position":1,"name":"Home","item":"https:\/\/arte-coa.pt\/en\/"},{"@type":"ListItem","position":2,"name":"Co-financed projects"}]},{"@type":"WebSite","@id":"https:\/\/arte-coa.pt\/en\/#website","url":"https:\/\/arte-coa.pt\/en\/","name":"C\u00f4a Parque","description":"Arte C\u00f4a","potentialAction":[{"@type":"SearchAction","target":{"@type":"EntryPoint","urlTemplate":"https:\/\/arte-coa.pt\/en\/?s={search_term_string}"},"query-input":{"@type":"PropertyValueSpecification","valueRequired":true,"valueName":"search_term_string"}}],"inLanguage":"en-US"}]}},"_links":{"self":[{"href":"https:\/\/arte-coa.pt\/en\/wp-json\/wp\/v2\/pages\/24701","targetHints":{"allow":["GET"]}}],"collection":[{"href":"https:\/\/arte-coa.pt\/en\/wp-json\/wp\/v2\/pages"}],"about":[{"href":"https:\/\/arte-coa.pt\/en\/wp-json\/wp\/v2\/types\/page"}],"author":[{"embeddable":true,"href":"https:\/\/arte-coa.pt\/en\/wp-json\/wp\/v2\/users\/6"}],"replies":[{"embeddable":true,"href":"https:\/\/arte-coa.pt\/en\/wp-json\/wp\/v2\/comments?post=24701"}],"version-history":[{"count":6,"href":"https:\/\/arte-coa.pt\/en\/wp-json\/wp\/v2\/pages\/24701\/revisions"}],"predecessor-version":[{"id":31333,"href":"https:\/\/arte-coa.pt\/en\/wp-json\/wp\/v2\/pages\/24701\/revisions\/31333"}],"wp:attachment":[{"href":"https:\/\/arte-coa.pt\/en\/wp-json\/wp\/v2\/media?parent=24701"}],"curies":[{"name":"wp","href":"https:\/\/api.w.org\/{rel}","templated":true}]}}