{"id":20801,"date":"2018-09-24T09:24:02","date_gmt":"2018-09-24T09:24:02","guid":{"rendered":"https:\/\/arte-coa.pt\/creditos-do-website\/"},"modified":"2020-01-28T18:11:59","modified_gmt":"2020-01-28T18:11:59","slug":"website-credits","status":"publish","type":"page","link":"https:\/\/arte-coa.pt\/en\/website-credits\/","title":{"rendered":"Website Credits"},"content":{"rendered":"<div id=\"cmsmasters_row_51y70x4zju\" class=\"cmsmasters_row cmsmasters_color_scheme_default cmsmasters_row_top_default cmsmasters_row_bot_default cmsmasters_row_boxed\">\n<div class=\"cmsmasters_row_outer_parent\">\n<div class=\"cmsmasters_row_outer\">\n<div class=\"cmsmasters_row_inner\">\n<div class=\"cmsmasters_row_margin\">\n<div id=\"cmsmasters_column_awza8a9yeq\" class=\"cmsmasters_column one_third\">\n<div class=\"cmsmasters_column_inner\"><div id=\"cmsmasters_heading_gpr36vcfm\" class=\"cmsmasters_heading_wrap cmsmasters_heading_align_left\">\n\t<h2 class=\"cmsmasters_heading\">Website Credits<\/h2>\n<\/div>\n<\/div><\/div>\n<div id=\"cmsmasters_column_thn573qpc\" class=\"cmsmasters_column two_third\">\n<div class=\"cmsmasters_column_inner\"><div class=\"cmsmasters_text\">\n<p class=\"p1\"><span class=\"s1\"><strong>Texts:<\/strong>\u00a0<em>C\u00f4a Park Foundation,\u00a0<i>Funda\u00e7\u00e3o de Serralves, Museu do Douro, Ramos Pinto, ADECOCIR and DGPC<\/i><\/em><\/span><\/p>\n<p class=\"p1\"><strong><span class=\"s1\">Photos:\u00a0<\/span><\/strong><em>Ant\u00f3nio Martinho Baptista, Ant\u00f3nio Batarda Fernandes, Ant\u00f3nio Faustino de Carvalho, Ant\u00f3nio Jer\u00f3nimo, Carla Magalh\u00e3es, Dalila Correia,\u00a0<\/em><em>Jaime Ant\u00f3nio,\u00a0<\/em><em>Jo\u00e3o Romba,<\/em><em>\u00a0Jorge F. Barros,\u00a0<\/em><em>Jorge Sampaio,\u00a0<\/em><em>Jos\u00e9\u00a0Paulo Ruas,<\/em><em>\u00a0<\/em><em>Ken Williams, M\u00e1rio Reis, Pedro Guimar\u00e3es, Rosa Jardim, Thierry Aubry; Aldeias Histo\u0301ricas de Portugal, Prof. Jos\u00e9 Ribeiro Archives, Ideias com Hist\u00f3ria,\u00a0<i>Funda\u00e7\u00e3o de Serralves, Museu do Douro and Ramos Pinto.<\/i><\/em><\/p>\n<p class=\"p1\"><strong>Maps:\u00a0<\/strong><em>Jorge Sampaio, Jos\u00e9 Feitor and Brandqueen<\/em><\/p>\n<p><b>Webdesign:<\/b>\u00a0<em>BUU Design &#8211; Brains Under Upgrade<\/em><\/p>\n<\/div>\n<\/div><\/div>\n<\/div>\n<\/div>\n<\/div>\n<\/div>\n<\/div>\n\n","protected":false},"excerpt":{"rendered":"","protected":false},"author":10,"featured_media":0,"parent":0,"menu_order":0,"comment_status":"closed","ping_status":"closed","template":"","meta":{"_acf_changed":false,"footnotes":""},"class_list":["post-20801","page","type-page","status-publish","hentry"],"acf":[],"yoast_head":"<!-- This site is optimized with the Yoast SEO plugin v27.0 - https:\/\/yoast.com\/product\/yoast-seo-wordpress\/ -->\n<title>Website Credits - C\u00f4a Parque<\/title>\n<meta name=\"robots\" content=\"index, follow, max-snippet:-1, max-image-preview:large, max-video-preview:-1\" \/>\n<link rel=\"canonical\" href=\"https:\/\/arte-coa.pt\/en\/website-credits\/\" \/>\n<meta property=\"og:locale\" content=\"en_US\" \/>\n<meta property=\"og:type\" content=\"article\" \/>\n<meta property=\"og:title\" content=\"Website Credits - C\u00f4a Parque\" \/>\n<meta property=\"og:url\" content=\"https:\/\/arte-coa.pt\/en\/website-credits\/\" \/>\n<meta property=\"og:site_name\" content=\"C\u00f4a Parque\" \/>\n<meta property=\"article:modified_time\" content=\"2020-01-28T18:11:59+00:00\" \/>\n<meta name=\"twitter:card\" content=\"summary_large_image\" \/>\n<meta name=\"twitter:label1\" content=\"Est. reading time\" \/>\n\t<meta name=\"twitter:data1\" content=\"1 minute\" \/>\n<script type=\"application\/ld+json\" class=\"yoast-schema-graph\">{\"@context\":\"https:\/\/schema.org\",\"@graph\":[{\"@type\":\"WebPage\",\"@id\":\"https:\/\/arte-coa.pt\/en\/website-credits\/\",\"url\":\"https:\/\/arte-coa.pt\/en\/website-credits\/\",\"name\":\"Website Credits - C\u00f4a Parque\",\"isPartOf\":{\"@id\":\"https:\/\/arte-coa.pt\/en\/#website\"},\"datePublished\":\"2018-09-24T09:24:02+00:00\",\"dateModified\":\"2020-01-28T18:11:59+00:00\",\"breadcrumb\":{\"@id\":\"https:\/\/arte-coa.pt\/en\/website-credits\/#breadcrumb\"},\"inLanguage\":\"en-US\",\"potentialAction\":[{\"@type\":\"ReadAction\",\"target\":[\"https:\/\/arte-coa.pt\/en\/website-credits\/\"]}]},{\"@type\":\"BreadcrumbList\",\"@id\":\"https:\/\/arte-coa.pt\/en\/website-credits\/#breadcrumb\",\"itemListElement\":[{\"@type\":\"ListItem\",\"position\":1,\"name\":\"Home\",\"item\":\"https:\/\/arte-coa.pt\/en\/\"},{\"@type\":\"ListItem\",\"position\":2,\"name\":\"Website Credits\"}]},{\"@type\":\"WebSite\",\"@id\":\"https:\/\/arte-coa.pt\/en\/#website\",\"url\":\"https:\/\/arte-coa.pt\/en\/\",\"name\":\"C\u00f4a Parque\",\"description\":\"Arte C\u00f4a\",\"potentialAction\":[{\"@type\":\"SearchAction\",\"target\":{\"@type\":\"EntryPoint\",\"urlTemplate\":\"https:\/\/arte-coa.pt\/en\/?s={search_term_string}\"},\"query-input\":{\"@type\":\"PropertyValueSpecification\",\"valueRequired\":true,\"valueName\":\"search_term_string\"}}],\"inLanguage\":\"en-US\"}]}<\/script>\n<!-- \/ Yoast SEO plugin. -->","yoast_head_json":{"title":"Website Credits - C\u00f4a Parque","robots":{"index":"index","follow":"follow","max-snippet":"max-snippet:-1","max-image-preview":"max-image-preview:large","max-video-preview":"max-video-preview:-1"},"canonical":"https:\/\/arte-coa.pt\/en\/website-credits\/","og_locale":"en_US","og_type":"article","og_title":"Website Credits - C\u00f4a Parque","og_url":"https:\/\/arte-coa.pt\/en\/website-credits\/","og_site_name":"C\u00f4a Parque","article_modified_time":"2020-01-28T18:11:59+00:00","twitter_card":"summary_large_image","twitter_misc":{"Est. reading time":"1 minute"},"schema":{"@context":"https:\/\/schema.org","@graph":[{"@type":"WebPage","@id":"https:\/\/arte-coa.pt\/en\/website-credits\/","url":"https:\/\/arte-coa.pt\/en\/website-credits\/","name":"Website Credits - C\u00f4a Parque","isPartOf":{"@id":"https:\/\/arte-coa.pt\/en\/#website"},"datePublished":"2018-09-24T09:24:02+00:00","dateModified":"2020-01-28T18:11:59+00:00","breadcrumb":{"@id":"https:\/\/arte-coa.pt\/en\/website-credits\/#breadcrumb"},"inLanguage":"en-US","potentialAction":[{"@type":"ReadAction","target":["https:\/\/arte-coa.pt\/en\/website-credits\/"]}]},{"@type":"BreadcrumbList","@id":"https:\/\/arte-coa.pt\/en\/website-credits\/#breadcrumb","itemListElement":[{"@type":"ListItem","position":1,"name":"Home","item":"https:\/\/arte-coa.pt\/en\/"},{"@type":"ListItem","position":2,"name":"Website Credits"}]},{"@type":"WebSite","@id":"https:\/\/arte-coa.pt\/en\/#website","url":"https:\/\/arte-coa.pt\/en\/","name":"C\u00f4a Parque","description":"Arte C\u00f4a","potentialAction":[{"@type":"SearchAction","target":{"@type":"EntryPoint","urlTemplate":"https:\/\/arte-coa.pt\/en\/?s={search_term_string}"},"query-input":{"@type":"PropertyValueSpecification","valueRequired":true,"valueName":"search_term_string"}}],"inLanguage":"en-US"}]}},"_links":{"self":[{"href":"https:\/\/arte-coa.pt\/en\/wp-json\/wp\/v2\/pages\/20801","targetHints":{"allow":["GET"]}}],"collection":[{"href":"https:\/\/arte-coa.pt\/en\/wp-json\/wp\/v2\/pages"}],"about":[{"href":"https:\/\/arte-coa.pt\/en\/wp-json\/wp\/v2\/types\/page"}],"author":[{"embeddable":true,"href":"https:\/\/arte-coa.pt\/en\/wp-json\/wp\/v2\/users\/10"}],"replies":[{"embeddable":true,"href":"https:\/\/arte-coa.pt\/en\/wp-json\/wp\/v2\/comments?post=20801"}],"version-history":[{"count":9,"href":"https:\/\/arte-coa.pt\/en\/wp-json\/wp\/v2\/pages\/20801\/revisions"}],"predecessor-version":[{"id":24074,"href":"https:\/\/arte-coa.pt\/en\/wp-json\/wp\/v2\/pages\/20801\/revisions\/24074"}],"wp:attachment":[{"href":"https:\/\/arte-coa.pt\/en\/wp-json\/wp\/v2\/media?parent=20801"}],"curies":[{"name":"wp","href":"https:\/\/api.w.org\/{rel}","templated":true}]}}