{"id":20796,"date":"2018-09-04T23:24:32","date_gmt":"2018-09-04T23:24:32","guid":{"rendered":"https:\/\/arte-coa.pt\/como-chegar\/"},"modified":"2019-09-03T18:15:26","modified_gmt":"2019-09-03T18:15:26","slug":"getting-here","status":"publish","type":"page","link":"https:\/\/arte-coa.pt\/en\/getting-here\/","title":{"rendered":"Getting Here"},"content":{"rendered":"<div id=\"cmsmasters_row_plcvz94w19\" class=\"cmsmasters_row cmsmasters_color_scheme_default cmsmasters_row_top_default cmsmasters_row_bot_right_diagonal cmsmasters_row_boxed\">\n<div class=\"cmsmasters_row_outer_parent\">\n<div class=\"cmsmasters_row_outer\">\n<div class=\"cmsmasters_row_inner\">\n<div class=\"cmsmasters_row_margin cmsmasters_row_columns_behavior\">\n<div id=\"cmsmasters_column_xaqjam769\" class=\"cmsmasters_column one_third\">\n<div class=\"cmsmasters_column_inner\"><div id=\"cmsmasters_heading_yz4axf556\" class=\"cmsmasters_heading_wrap cmsmasters_heading_align_left\">\n\t<h5 class=\"cmsmasters_heading\">INFORMATION<\/h5>\n<\/div>\n<div class=\"cmsmasters_sidebar sidebar_layout_11\"><aside id=\"nav_menu-3\" class=\"widget widget_nav_menu\"><div class=\"menu-information-container\"><ul id=\"menu-information\" class=\"menu\"><li id=\"menu-item-21324\" class=\"menu-item menu-item-type-post_type menu-item-object-page menu-item-21324\"><a href=\"https:\/\/arte-coa.pt\/en\/opening-hours\/\">Opening Hours and Prices<\/a><\/li>\n<li id=\"menu-item-20887\" class=\"menu-item menu-item-type-post_type menu-item-object-page menu-item-20887\"><a href=\"https:\/\/arte-coa.pt\/en\/getting-here\/\">Getting Here<\/a><\/li>\n<li id=\"menu-item-21326\" class=\"menu-item menu-item-type-post_type menu-item-object-page menu-item-21326\"><a href=\"https:\/\/arte-coa.pt\/en\/rules-of-conduct\/\">Rules of Conduct<\/a><\/li>\n<li id=\"menu-item-21327\" class=\"menu-item menu-item-type-post_type menu-item-object-page menu-item-21327\"><a href=\"https:\/\/arte-coa.pt\/en\/useful-links\/\">Useful links<\/a><\/li>\n<\/ul><\/div><\/aside><div class=\"cl\"><\/div>\n<\/div>\n<\/div><\/div>\n<div id=\"cmsmasters_column_j56vls2g2p\" class=\"cmsmasters_column two_third\">\n<div class=\"cmsmasters_column_inner\"><div id=\"cmsmasters_heading_n7c6ztual\" class=\"cmsmasters_heading_wrap cmsmasters_heading_align_left\">\n\t<h2 class=\"cmsmasters_heading\">Getting Here<\/h2>\n<\/div>\n<div id=\"cmsmasters_divider_jxrroyfn76\" class=\"cl\"><\/div>\n<ul id=\"cmsmasters_icon_list_items_uoqdvroc1\" class=\"cmsmasters_icon_list_items cmsmasters_icon_list_type_block cmsmasters_icon_list_pos_left cmsmasters_color_type_border\"><li id=\"cmsmasters_icon_list_item_ma6t0sxgih\" class=\"cmsmasters_icon_list_item\">\n<div class=\"cmsmasters_icon_list_item_inner\">\n<div class=\"cmsmasters_icon_list_icon_wrap\">\n<span class=\"cmsmasters_icon_list_icon cmsmasters-icon-custom-location\"><\/span>\n<\/div>\n<div class=\"cmsmasters_icon_list_item_content\">\n<h4 class=\"cmsmasters_icon_list_item_title\">Funda\u00e7\u00e3o C\u00f4a Parque<\/h4>\n<div class=\"cmsmasters_icon_list_item_text\">\n<p>Rua do Museu, 5150-620 Vila Nova de Foz C\u00f4a, Portugal<\/p>\n<p><strong>GPS (datum WGS 84)<\/strong>: N 41\u00ba 04\u2019 47.9\u2019\u2019 \/ W 7\u00ba 06\u2019 47.8\u2019\u2019<div id=\"cmsmasters_icon_vwtc3uqtsr\" class=\"cmsmasters_icon_wrap\"><a href=\"https:\/\/www.google.com\/maps\/@41.0799989,-7.1139776,17z\" target=\"_blank\"><span class=\"cmsmasters_simple_icon cmsmasters-icon-custom-location\"><\/span><span class=\"cmsmasters_simple_icon_title\">Google Maps<\/span><\/a><\/div>\n<\/div>\n<\/div>\n<\/div>\n<\/li><li id=\"cmsmasters_icon_list_item_6opf0kw3b4\" class=\"cmsmasters_icon_list_item\">\n<div class=\"cmsmasters_icon_list_item_inner\">\n<div class=\"cmsmasters_icon_list_icon_wrap\">\n<span class=\"cmsmasters_icon_list_icon cmsmasters-icon-bus\"><\/span>\n<\/div>\n<div class=\"cmsmasters_icon_list_item_content\">\n<h4 class=\"cmsmasters_icon_list_item_title\">Bus<\/h4>\n<div class=\"cmsmasters_icon_list_item_text\">\n<p>Vila Nova de Foz C\u00f4a is served by long distance bus lines (<a href=\"https:\/\/www.rede-expressos.pt\" target=\"_blank\" rel=\"noopener\">Rede Expressos<\/a>; <a href=\"http:\/\/www.santosviagensturismo.pt\/pt\/horarios-pdf\" target=\"_blank\" rel=\"noopener\">Santos<\/a>)<\/p>\n<\/div>\n<\/div>\n<\/div>\n<\/li><li id=\"cmsmasters_icon_list_item_2onkd7uc5i\" class=\"cmsmasters_icon_list_item\">\n<div class=\"cmsmasters_icon_list_item_inner\">\n<div class=\"cmsmasters_icon_list_icon_wrap\">\n<span class=\"cmsmasters_icon_list_icon cmsmasters-icon-subway\"><\/span>\n<\/div>\n<div class=\"cmsmasters_icon_list_item_content\">\n<h4 class=\"cmsmasters_icon_list_item_title\">Train<\/h4>\n<div class=\"cmsmasters_icon_list_item_text\">\n<p><a href=\"https:\/\/www.cp.pt\/passageiros\/pt\/consultar-horarios\" target=\"_blank\" rel=\"noopener\">Linha do Douro<\/a> \u2013 Pocinho train station, 7 kms. from Vila Nova de Foz C\u00f4a<br \/>\n<a href=\"https:\/\/www.cp.pt\/passageiros\/pt\/consultar-horarios\" target=\"_blank\" rel=\"noopener\">Linha da Beira Alta<\/a> \u2013 Celorico da Beira train station, 60 kms. from Vila Nova de Foz C\u00f4a<\/p>\n<\/div>\n<\/div>\n<\/div>\n<\/li><\/ul>\n<\/div><\/div>\n<\/div>\n<\/div>\n<\/div>\n<\/div>\n<\/div>\n<div id=\"cmsmasters_row_o3enju6r9b\" class=\"cmsmasters_row cmsmasters_color_scheme_default cmsmasters_row_top_default cmsmasters_row_bot_default cmsmasters_row_boxed\">\n<div class=\"cmsmasters_row_outer_parent\">\n<div class=\"cmsmasters_row_outer\">\n<div class=\"cmsmasters_row_inner\">\n<div class=\"cmsmasters_row_margin\">\n<div id=\"cmsmasters_column_nxrt0hpkg7\" class=\"cmsmasters_column one_half\">\n<div class=\"cmsmasters_column_inner\"><div id=\"cmsmasters_heading_hbe73mav98\" class=\"cmsmasters_heading_wrap cmsmasters_heading_align_left\">\n\t<h2 class=\"cmsmasters_heading\">Map<\/h2>\n<\/div>\n<div id=\"cmsmasters_divider_vg79d4x43\" class=\"cl\"><\/div>\n<div id=\"cmsmasters_gallery_s5x6f4h87\" class=\"cmsmasters_gallery_wrap\" data-type=\"masonry\" data-count=\"0\"><ul class=\"cmsmasters_gallery cmsmasters_1 cmsmasters_more_items_loader\"><li class=\"cmsmasters_gallery_item\"><figure><a href=\"https:\/\/arte-coa.pt\/wp-content\/uploads\/2018\/09\/Mapa-Como-cehgar.png\" rel=\"ilightbox[s5x6f4h87]\"><img loading=\"lazy\" decoding=\"async\" width=\"570\" height=\"636\" src=\"https:\/\/arte-coa.pt\/wp-content\/uploads\/2018\/09\/Mapa-Como-cehgar.png\" class=\"attachment-full size-full\" alt=\"\" srcset=\"https:\/\/arte-coa.pt\/wp-content\/uploads\/2018\/09\/Mapa-Como-cehgar.png 570w, https:\/\/arte-coa.pt\/wp-content\/uploads\/2018\/09\/Mapa-Como-cehgar-269x300.png 269w\" sizes=\"auto, (max-width: 570px) 100vw, 570px\" \/><\/a><\/figure><\/li><\/ul><\/div>\n<\/div><\/div>\n<div id=\"cmsmasters_column_q9fjb44o1d\" class=\"cmsmasters_column one_half\">\n<div class=\"cmsmasters_column_inner\">\n<div id=\"cmsmasters_divider_bbhxawmg3\" class=\"cl\"><\/div>\n<\/div><\/div>\n<\/div>\n<\/div>\n<\/div>\n<\/div>\n<\/div>\n\n","protected":false},"excerpt":{"rendered":"","protected":false},"author":10,"featured_media":0,"parent":0,"menu_order":0,"comment_status":"closed","ping_status":"closed","template":"","meta":{"_acf_changed":false,"footnotes":""},"class_list":["post-20796","page","type-page","status-publish","hentry"],"acf":[],"yoast_head":"<!-- This site is optimized with the Yoast SEO plugin v27.0 - https:\/\/yoast.com\/product\/yoast-seo-wordpress\/ -->\n<title>Getting Here - C\u00f4a Parque<\/title>\n<meta name=\"robots\" content=\"index, follow, max-snippet:-1, max-image-preview:large, max-video-preview:-1\" \/>\n<link rel=\"canonical\" href=\"https:\/\/arte-coa.pt\/en\/getting-here\/\" \/>\n<meta property=\"og:locale\" content=\"en_US\" \/>\n<meta property=\"og:type\" content=\"article\" \/>\n<meta property=\"og:title\" content=\"Getting Here - C\u00f4a Parque\" \/>\n<meta property=\"og:url\" content=\"https:\/\/arte-coa.pt\/en\/getting-here\/\" \/>\n<meta property=\"og:site_name\" content=\"C\u00f4a Parque\" \/>\n<meta property=\"article:modified_time\" content=\"2019-09-03T18:15:26+00:00\" \/>\n<meta name=\"twitter:card\" content=\"summary_large_image\" \/>\n<meta name=\"twitter:label1\" content=\"Est. reading time\" \/>\n\t<meta name=\"twitter:data1\" content=\"3 minutes\" \/>\n<script type=\"application\/ld+json\" class=\"yoast-schema-graph\">{\"@context\":\"https:\/\/schema.org\",\"@graph\":[{\"@type\":\"WebPage\",\"@id\":\"https:\/\/arte-coa.pt\/en\/getting-here\/\",\"url\":\"https:\/\/arte-coa.pt\/en\/getting-here\/\",\"name\":\"Getting Here - C\u00f4a Parque\",\"isPartOf\":{\"@id\":\"https:\/\/arte-coa.pt\/en\/#website\"},\"datePublished\":\"2018-09-04T23:24:32+00:00\",\"dateModified\":\"2019-09-03T18:15:26+00:00\",\"breadcrumb\":{\"@id\":\"https:\/\/arte-coa.pt\/en\/getting-here\/#breadcrumb\"},\"inLanguage\":\"en-US\",\"potentialAction\":[{\"@type\":\"ReadAction\",\"target\":[\"https:\/\/arte-coa.pt\/en\/getting-here\/\"]}]},{\"@type\":\"BreadcrumbList\",\"@id\":\"https:\/\/arte-coa.pt\/en\/getting-here\/#breadcrumb\",\"itemListElement\":[{\"@type\":\"ListItem\",\"position\":1,\"name\":\"Home\",\"item\":\"https:\/\/arte-coa.pt\/en\/\"},{\"@type\":\"ListItem\",\"position\":2,\"name\":\"Getting Here\"}]},{\"@type\":\"WebSite\",\"@id\":\"https:\/\/arte-coa.pt\/en\/#website\",\"url\":\"https:\/\/arte-coa.pt\/en\/\",\"name\":\"C\u00f4a Parque\",\"description\":\"Arte C\u00f4a\",\"potentialAction\":[{\"@type\":\"SearchAction\",\"target\":{\"@type\":\"EntryPoint\",\"urlTemplate\":\"https:\/\/arte-coa.pt\/en\/?s={search_term_string}\"},\"query-input\":{\"@type\":\"PropertyValueSpecification\",\"valueRequired\":true,\"valueName\":\"search_term_string\"}}],\"inLanguage\":\"en-US\"}]}<\/script>\n<!-- \/ Yoast SEO plugin. -->","yoast_head_json":{"title":"Getting Here - C\u00f4a Parque","robots":{"index":"index","follow":"follow","max-snippet":"max-snippet:-1","max-image-preview":"max-image-preview:large","max-video-preview":"max-video-preview:-1"},"canonical":"https:\/\/arte-coa.pt\/en\/getting-here\/","og_locale":"en_US","og_type":"article","og_title":"Getting Here - C\u00f4a Parque","og_url":"https:\/\/arte-coa.pt\/en\/getting-here\/","og_site_name":"C\u00f4a Parque","article_modified_time":"2019-09-03T18:15:26+00:00","twitter_card":"summary_large_image","twitter_misc":{"Est. reading time":"3 minutes"},"schema":{"@context":"https:\/\/schema.org","@graph":[{"@type":"WebPage","@id":"https:\/\/arte-coa.pt\/en\/getting-here\/","url":"https:\/\/arte-coa.pt\/en\/getting-here\/","name":"Getting Here - C\u00f4a Parque","isPartOf":{"@id":"https:\/\/arte-coa.pt\/en\/#website"},"datePublished":"2018-09-04T23:24:32+00:00","dateModified":"2019-09-03T18:15:26+00:00","breadcrumb":{"@id":"https:\/\/arte-coa.pt\/en\/getting-here\/#breadcrumb"},"inLanguage":"en-US","potentialAction":[{"@type":"ReadAction","target":["https:\/\/arte-coa.pt\/en\/getting-here\/"]}]},{"@type":"BreadcrumbList","@id":"https:\/\/arte-coa.pt\/en\/getting-here\/#breadcrumb","itemListElement":[{"@type":"ListItem","position":1,"name":"Home","item":"https:\/\/arte-coa.pt\/en\/"},{"@type":"ListItem","position":2,"name":"Getting Here"}]},{"@type":"WebSite","@id":"https:\/\/arte-coa.pt\/en\/#website","url":"https:\/\/arte-coa.pt\/en\/","name":"C\u00f4a Parque","description":"Arte C\u00f4a","potentialAction":[{"@type":"SearchAction","target":{"@type":"EntryPoint","urlTemplate":"https:\/\/arte-coa.pt\/en\/?s={search_term_string}"},"query-input":{"@type":"PropertyValueSpecification","valueRequired":true,"valueName":"search_term_string"}}],"inLanguage":"en-US"}]}},"_links":{"self":[{"href":"https:\/\/arte-coa.pt\/en\/wp-json\/wp\/v2\/pages\/20796","targetHints":{"allow":["GET"]}}],"collection":[{"href":"https:\/\/arte-coa.pt\/en\/wp-json\/wp\/v2\/pages"}],"about":[{"href":"https:\/\/arte-coa.pt\/en\/wp-json\/wp\/v2\/types\/page"}],"author":[{"embeddable":true,"href":"https:\/\/arte-coa.pt\/en\/wp-json\/wp\/v2\/users\/10"}],"replies":[{"embeddable":true,"href":"https:\/\/arte-coa.pt\/en\/wp-json\/wp\/v2\/comments?post=20796"}],"version-history":[{"count":7,"href":"https:\/\/arte-coa.pt\/en\/wp-json\/wp\/v2\/pages\/20796\/revisions"}],"predecessor-version":[{"id":23330,"href":"https:\/\/arte-coa.pt\/en\/wp-json\/wp\/v2\/pages\/20796\/revisions\/23330"}],"wp:attachment":[{"href":"https:\/\/arte-coa.pt\/en\/wp-json\/wp\/v2\/media?parent=20796"}],"curies":[{"name":"wp","href":"https:\/\/api.w.org\/{rel}","templated":true}]}}